{"id":3980,"date":"2021-01-05T02:35:59","date_gmt":"2021-01-05T01:35:59","guid":{"rendered":"http:\/\/lacotepetrie.com\/?page_id=3980"},"modified":"2023-12-05T22:45:04","modified_gmt":"2023-12-05T21:45:04","slug":"culedo","status":"publish","type":"page","link":"https:\/\/lacotepetrie.com\/index.php\/culedo\/","title":{"rendered":"Jeux adultes"},"content":{"rendered":"\t\t<div data-elementor-type=\"wp-page\" data-elementor-id=\"3980\" class=\"elementor elementor-3980\" data-elementor-settings=\"[]\">\n\t\t\t\t\t\t<div class=\"elementor-inner\">\n\t\t\t\t\t\t\t<div class=\"elementor-section-wrap\">\n\t\t\t\t\t\t\t<section class=\"elementor-section elementor-top-section elementor-element elementor-element-60b9d4d elementor-section-boxed elementor-section-height-default elementor-section-height-default\" data-id=\"60b9d4d\" data-element_type=\"section\">\n\t\t\t\t\t\t<div class=\"elementor-container elementor-column-gap-default\">\n\t\t\t\t\t\t\t<div class=\"elementor-row\">\n\t\t\t\t\t<div class=\"elementor-column elementor-col-100 elementor-top-column elementor-element elementor-element-5841f5b\" data-id=\"5841f5b\" data-element_type=\"column\">\n\t\t\t<div class=\"elementor-column-wrap elementor-element-populated\">\n\t\t\t\t\t\t\t<div class=\"elementor-widget-wrap\">\n\t\t\t\t\t\t<div class=\"elementor-element elementor-element-e472f3b elementor-widget elementor-widget-heading\" data-id=\"e472f3b\" data-element_type=\"widget\" data-widget_type=\"heading.default\">\n\t\t\t\t<div class=\"elementor-widget-container\">\n\t\t\t<h2 class=\"elementor-heading-title elementor-size-default\">CULEDO, c\u2019est le jeu de tous vos fantasmes !<\/h2>\t\t<\/div>\n\t\t\t\t<\/div>\n\t\t\t\t\t\t<\/div>\n\t\t\t\t\t<\/div>\n\t\t<\/div>\n\t\t\t\t\t\t\t\t<\/div>\n\t\t\t\t\t<\/div>\n\t\t<\/section>\n\t\t\t\t<section class=\"elementor-section elementor-top-section elementor-element elementor-element-13ac195 elementor-section-boxed elementor-section-height-default elementor-section-height-default\" data-id=\"13ac195\" data-element_type=\"section\">\n\t\t\t\t\t\t<div class=\"elementor-container elementor-column-gap-default\">\n\t\t\t\t\t\t\t<div class=\"elementor-row\">\n\t\t\t\t\t<div class=\"elementor-column elementor-col-50 elementor-top-column elementor-element elementor-element-710c0e4\" data-id=\"710c0e4\" data-element_type=\"column\">\n\t\t\t<div class=\"elementor-column-wrap elementor-element-populated\">\n\t\t\t\t\t\t\t<div class=\"elementor-widget-wrap\">\n\t\t\t\t\t\t<div class=\"elementor-element elementor-element-1b1f740 elementor-widget elementor-widget-image\" data-id=\"1b1f740\" data-element_type=\"widget\" data-widget_type=\"image.default\">\n\t\t\t\t<div class=\"elementor-widget-container\">\n\t\t\t\t\t<div class=\"elementor-image\">\n\t\t\t\t\t\t\t\t\t\t<img width=\"722\" height=\"1024\" src=\"https:\/\/lacotepetrie.com\/wp-content\/uploads\/2023\/10\/LOGO-CULEDO-722x1024.jpg\" class=\"attachment-large size-large\" alt=\"\" loading=\"lazy\" srcset=\"https:\/\/lacotepetrie.com\/wp-content\/uploads\/2023\/10\/LOGO-CULEDO-722x1024.jpg 722w, https:\/\/lacotepetrie.com\/wp-content\/uploads\/2023\/10\/LOGO-CULEDO-211x300.jpg 211w, https:\/\/lacotepetrie.com\/wp-content\/uploads\/2023\/10\/LOGO-CULEDO-768x1089.jpg 768w, https:\/\/lacotepetrie.com\/wp-content\/uploads\/2023\/10\/LOGO-CULEDO-1083x1536.jpg 1083w, https:\/\/lacotepetrie.com\/wp-content\/uploads\/2023\/10\/LOGO-CULEDO-1444x2048.jpg 1444w, https:\/\/lacotepetrie.com\/wp-content\/uploads\/2023\/10\/LOGO-CULEDO-600x851.jpg 600w, https:\/\/lacotepetrie.com\/wp-content\/uploads\/2023\/10\/LOGO-CULEDO.jpg 1749w\" sizes=\"(max-width: 722px) 100vw, 722px\" \/>\t\t\t\t\t\t\t\t\t\t\t<\/div>\n\t\t\t\t<\/div>\n\t\t\t\t<\/div>\n\t\t\t\t\t\t<\/div>\n\t\t\t\t\t<\/div>\n\t\t<\/div>\n\t\t\t\t<div class=\"elementor-column elementor-col-50 elementor-top-column elementor-element elementor-element-6c20fc1\" data-id=\"6c20fc1\" data-element_type=\"column\">\n\t\t\t<div class=\"elementor-column-wrap elementor-element-populated\">\n\t\t\t\t\t\t\t<div class=\"elementor-widget-wrap\">\n\t\t\t\t\t\t<div class=\"elementor-element elementor-element-50661c5 elementor-widget elementor-widget-text-editor\" data-id=\"50661c5\" data-element_type=\"widget\" data-widget_type=\"text-editor.default\">\n\t\t\t\t<div class=\"elementor-widget-container\">\n\t\t\t\t\t<div class=\"elementor-text-editor elementor-clearfix\"><p><strong>CULEDO, c\u2019est le jeu de tous vos fantasmes !<\/strong><\/p><p>Qui a fait l\u2019amour avec qui ? Dans quelle salle ? Avec quel objet ?<\/p><p>Quelles identit\u00e9s prendra ce myst\u00e9rieux th\u00e9\u00e2tre orgiaque ? Qui sera sucepect\u00e9\u00b7e ? Qui sera a-cul-s\u00e9\u00b7e? Ce sera \u00e0 toi de tout \u00e9lucider\u2026<\/p><p>CULEDO est un outil pr\u00e9ventif destin\u00e9 \u00e0 un public majeur, qui sensibilisera tout\u00b7e un\u00b7e chacun\u00b7e \u00e0 la sant\u00e9 sexuelle \u00e0 travers diff\u00e9rents axes :<\/p><p>* Une vision queer, non h\u00e9t\u00e9ronormative et non androcentr\u00e9e (sexualit\u00e9 fluide, polyamour, asexualit\u00e9, pansexualit\u00e9, romantisme\u2026)<\/p><p>* La pr\u00e9vention sant\u00e9 sexuelle<br \/>des IST (HPV, HIV\u2026)<\/p><p>* La sensibilisation \u00e0 la contraception pour personnes dot\u00e9es d\u2019un p\u00e9nis<\/p><p>* Le consentement<\/p><p>* La d\u00e9nonciation des actes LGBTQIphobes, s\u00e9rophobes, putophobes, racistes, validistes et bien d\u2019autres\u2026<\/p><\/div>\n\t\t\t\t<\/div>\n\t\t\t\t<\/div>\n\t\t\t\t\t\t<\/div>\n\t\t\t\t\t<\/div>\n\t\t<\/div>\n\t\t\t\t\t\t\t\t<\/div>\n\t\t\t\t\t<\/div>\n\t\t<\/section>\n\t\t\t\t<section class=\"elementor-section elementor-top-section elementor-element elementor-element-7ff6694 elementor-section-boxed elementor-section-height-default elementor-section-height-default\" data-id=\"7ff6694\" data-element_type=\"section\">\n\t\t\t\t\t\t<div class=\"elementor-container elementor-column-gap-default\">\n\t\t\t\t\t\t\t<div class=\"elementor-row\">\n\t\t\t\t\t<div class=\"elementor-column elementor-col-100 elementor-top-column elementor-element elementor-element-9c8bdbc\" data-id=\"9c8bdbc\" data-element_type=\"column\">\n\t\t\t<div class=\"elementor-column-wrap elementor-element-populated\">\n\t\t\t\t\t\t\t<div class=\"elementor-widget-wrap\">\n\t\t\t\t\t\t<div class=\"elementor-element elementor-element-245be4b elementor-arrows-position-inside elementor-pagination-position-outside elementor-widget elementor-widget-image-carousel\" data-id=\"245be4b\" data-element_type=\"widget\" data-settings=\"{&quot;navigation&quot;:&quot;both&quot;,&quot;autoplay&quot;:&quot;yes&quot;,&quot;pause_on_hover&quot;:&quot;yes&quot;,&quot;pause_on_interaction&quot;:&quot;yes&quot;,&quot;autoplay_speed&quot;:5000,&quot;infinite&quot;:&quot;yes&quot;,&quot;speed&quot;:500}\" data-widget_type=\"image-carousel.default\">\n\t\t\t\t<div class=\"elementor-widget-container\">\n\t\t\t\t\t<div class=\"elementor-image-carousel-wrapper swiper-container\" dir=\"ltr\">\n\t\t\t<div class=\"elementor-image-carousel swiper-wrapper\">\n\t\t\t\t<div class=\"swiper-slide\"><figure class=\"swiper-slide-inner\"><img class=\"swiper-slide-image\" src=\"https:\/\/lacotepetrie.com\/wp-content\/uploads\/2023\/10\/IMG_8409-1024x683.jpg\" alt=\"IMG_8409\" \/><\/figure><\/div><div class=\"swiper-slide\"><figure class=\"swiper-slide-inner\"><img class=\"swiper-slide-image\" src=\"https:\/\/lacotepetrie.com\/wp-content\/uploads\/2023\/10\/IMG_8418-1024x683.jpg\" alt=\"IMG_8418\" \/><\/figure><\/div><div class=\"swiper-slide\"><figure class=\"swiper-slide-inner\"><img class=\"swiper-slide-image\" src=\"https:\/\/lacotepetrie.com\/wp-content\/uploads\/2023\/10\/IMG_8426-1024x683.jpg\" alt=\"IMG_8426\" \/><\/figure><\/div><div class=\"swiper-slide\"><figure class=\"swiper-slide-inner\"><img class=\"swiper-slide-image\" src=\"https:\/\/lacotepetrie.com\/wp-content\/uploads\/2023\/10\/IMG_8411-1024x683.jpg\" alt=\"IMG_8411\" \/><\/figure><\/div><div class=\"swiper-slide\"><figure class=\"swiper-slide-inner\"><img class=\"swiper-slide-image\" src=\"https:\/\/lacotepetrie.com\/wp-content\/uploads\/2023\/10\/IMG_8414-1024x683.jpg\" alt=\"IMG_8414\" \/><\/figure><\/div><div class=\"swiper-slide\"><figure class=\"swiper-slide-inner\"><img class=\"swiper-slide-image\" src=\"https:\/\/lacotepetrie.com\/wp-content\/uploads\/2023\/10\/IMG_8434-1024x683.jpg\" alt=\"IMG_8434\" \/><\/figure><\/div><div class=\"swiper-slide\"><figure class=\"swiper-slide-inner\"><img class=\"swiper-slide-image\" src=\"https:\/\/lacotepetrie.com\/wp-content\/uploads\/2023\/10\/IMG_8436-1024x683.jpg\" alt=\"IMG_8436\" \/><\/figure><\/div><div class=\"swiper-slide\"><figure class=\"swiper-slide-inner\"><img class=\"swiper-slide-image\" src=\"https:\/\/lacotepetrie.com\/wp-content\/uploads\/2023\/10\/IMG_8433-1024x683.jpg\" alt=\"IMG_8433\" \/><\/figure><\/div><div class=\"swiper-slide\"><figure class=\"swiper-slide-inner\"><img class=\"swiper-slide-image\" src=\"https:\/\/lacotepetrie.com\/wp-content\/uploads\/2023\/10\/IMG_8431-1024x683.jpg\" alt=\"IMG_8431\" \/><\/figure><\/div><div class=\"swiper-slide\"><figure class=\"swiper-slide-inner\"><img class=\"swiper-slide-image\" src=\"https:\/\/lacotepetrie.com\/wp-content\/uploads\/2023\/10\/IMG_8432-1024x683.jpg\" alt=\"IMG_8432\" \/><\/figure><\/div><div class=\"swiper-slide\"><figure class=\"swiper-slide-inner\"><img class=\"swiper-slide-image\" src=\"https:\/\/lacotepetrie.com\/wp-content\/uploads\/2023\/10\/IMG_8428-1024x683.jpg\" alt=\"IMG_8428\" \/><\/figure><\/div>\t\t\t<\/div>\n\t\t\t\t\t\t\t\t\t\t\t\t<div class=\"swiper-pagination\"><\/div>\n\t\t\t\t\t\t\t\t\t\t\t\t\t<div class=\"elementor-swiper-button elementor-swiper-button-prev\">\n\t\t\t\t\t\t<i class=\"eicon-chevron-left\" aria-hidden=\"true\"><\/i>\n\t\t\t\t\t\t<span class=\"elementor-screen-only\">Pr\u00e9c\u00e9dent<\/span>\n\t\t\t\t\t<\/div>\n\t\t\t\t\t<div class=\"elementor-swiper-button elementor-swiper-button-next\">\n\t\t\t\t\t\t<i class=\"eicon-chevron-right\" aria-hidden=\"true\"><\/i>\n\t\t\t\t\t\t<span class=\"elementor-screen-only\">Suivant<\/span>\n\t\t\t\t\t<\/div>\n\t\t\t\t\t\t\t\t\t<\/div>\n\t\t\t\t<\/div>\n\t\t\t\t<\/div>\n\t\t\t\t\t\t<\/div>\n\t\t\t\t\t<\/div>\n\t\t<\/div>\n\t\t\t\t\t\t\t\t<\/div>\n\t\t\t\t\t<\/div>\n\t\t<\/section>\n\t\t\t\t<section class=\"elementor-section elementor-top-section elementor-element elementor-element-558e40a elementor-section-boxed elementor-section-height-default elementor-section-height-default\" data-id=\"558e40a\" data-element_type=\"section\">\n\t\t\t\t\t\t<div class=\"elementor-container elementor-column-gap-default\">\n\t\t\t\t\t\t\t<div class=\"elementor-row\">\n\t\t\t\t\t<div class=\"elementor-column elementor-col-100 elementor-top-column elementor-element elementor-element-7e4b3f0\" data-id=\"7e4b3f0\" data-element_type=\"column\">\n\t\t\t<div class=\"elementor-column-wrap elementor-element-populated\">\n\t\t\t\t\t\t\t<div class=\"elementor-widget-wrap\">\n\t\t\t\t\t\t<div class=\"elementor-element elementor-element-c0b60dd elementor-widget elementor-widget-image-gallery\" data-id=\"c0b60dd\" data-element_type=\"widget\" data-widget_type=\"image-gallery.default\">\n\t\t\t\t<div class=\"elementor-widget-container\">\n\t\t\t\t\t<div class=\"elementor-image-gallery\">\n\t\t\t<div id='gallery-1' class='gallery galleryid-3980 gallery-columns-4 gallery-size-medium'><figure class='gallery-item'>\n\t\t\t<div class='gallery-icon landscape'>\n\t\t\t\t<a data-elementor-open-lightbox=\"yes\" data-elementor-lightbox-slideshow=\"c0b60dd\" data-elementor-lightbox-title=\"IMG_0097\" href='https:\/\/lacotepetrie.com\/wp-content\/uploads\/2023\/10\/IMG_0097-scaled.jpg'><img width=\"300\" height=\"200\" src=\"https:\/\/lacotepetrie.com\/wp-content\/uploads\/2023\/10\/IMG_0097-300x200.jpg\" class=\"attachment-medium size-medium\" alt=\"\" loading=\"lazy\" srcset=\"https:\/\/lacotepetrie.com\/wp-content\/uploads\/2023\/10\/IMG_0097-300x200.jpg 300w, https:\/\/lacotepetrie.com\/wp-content\/uploads\/2023\/10\/IMG_0097-1024x683.jpg 1024w, https:\/\/lacotepetrie.com\/wp-content\/uploads\/2023\/10\/IMG_0097-768x512.jpg 768w, https:\/\/lacotepetrie.com\/wp-content\/uploads\/2023\/10\/IMG_0097-1536x1024.jpg 1536w, https:\/\/lacotepetrie.com\/wp-content\/uploads\/2023\/10\/IMG_0097-2048x1365.jpg 2048w, https:\/\/lacotepetrie.com\/wp-content\/uploads\/2023\/10\/IMG_0097-600x400.jpg 600w\" sizes=\"(max-width: 300px) 100vw, 300px\" \/><\/a>\n\t\t\t<\/div><\/figure><figure class='gallery-item'>\n\t\t\t<div class='gallery-icon landscape'>\n\t\t\t\t<a data-elementor-open-lightbox=\"yes\" data-elementor-lightbox-slideshow=\"c0b60dd\" data-elementor-lightbox-title=\"JON INSTA 3\" href='https:\/\/lacotepetrie.com\/wp-content\/uploads\/2023\/10\/JON-INSTA-3.jpg'><img width=\"300\" height=\"200\" src=\"https:\/\/lacotepetrie.com\/wp-content\/uploads\/2023\/10\/JON-INSTA-3-300x200.jpg\" class=\"attachment-medium size-medium\" alt=\"\" loading=\"lazy\" srcset=\"https:\/\/lacotepetrie.com\/wp-content\/uploads\/2023\/10\/JON-INSTA-3-300x200.jpg 300w, https:\/\/lacotepetrie.com\/wp-content\/uploads\/2023\/10\/JON-INSTA-3-1024x683.jpg 1024w, https:\/\/lacotepetrie.com\/wp-content\/uploads\/2023\/10\/JON-INSTA-3-768x512.jpg 768w, https:\/\/lacotepetrie.com\/wp-content\/uploads\/2023\/10\/JON-INSTA-3-600x400.jpg 600w, https:\/\/lacotepetrie.com\/wp-content\/uploads\/2023\/10\/JON-INSTA-3.jpg 1080w\" sizes=\"(max-width: 300px) 100vw, 300px\" \/><\/a>\n\t\t\t<\/div><\/figure><figure class='gallery-item'>\n\t\t\t<div class='gallery-icon landscape'>\n\t\t\t\t<a data-elementor-open-lightbox=\"yes\" data-elementor-lightbox-slideshow=\"c0b60dd\" data-elementor-lightbox-title=\"LACO\" href='https:\/\/lacotepetrie.com\/wp-content\/uploads\/2023\/10\/LACO.jpg'><img width=\"300\" height=\"200\" src=\"https:\/\/lacotepetrie.com\/wp-content\/uploads\/2023\/10\/LACO-300x200.jpg\" class=\"attachment-medium size-medium\" alt=\"\" loading=\"lazy\" srcset=\"https:\/\/lacotepetrie.com\/wp-content\/uploads\/2023\/10\/LACO-300x200.jpg 300w, https:\/\/lacotepetrie.com\/wp-content\/uploads\/2023\/10\/LACO-1024x683.jpg 1024w, https:\/\/lacotepetrie.com\/wp-content\/uploads\/2023\/10\/LACO-768x512.jpg 768w, https:\/\/lacotepetrie.com\/wp-content\/uploads\/2023\/10\/LACO-600x400.jpg 600w, https:\/\/lacotepetrie.com\/wp-content\/uploads\/2023\/10\/LACO.jpg 1080w\" sizes=\"(max-width: 300px) 100vw, 300px\" \/><\/a>\n\t\t\t<\/div><\/figure><figure class='gallery-item'>\n\t\t\t<div class='gallery-icon landscape'>\n\t\t\t\t<a data-elementor-open-lightbox=\"yes\" data-elementor-lightbox-slideshow=\"c0b60dd\" data-elementor-lightbox-title=\"BISSI 1\" href='https:\/\/lacotepetrie.com\/wp-content\/uploads\/2023\/10\/BISSI-1-scaled.jpg'><img width=\"300\" height=\"201\" src=\"https:\/\/lacotepetrie.com\/wp-content\/uploads\/2023\/10\/BISSI-1-300x201.jpg\" class=\"attachment-medium size-medium\" alt=\"\" loading=\"lazy\" srcset=\"https:\/\/lacotepetrie.com\/wp-content\/uploads\/2023\/10\/BISSI-1-300x201.jpg 300w, https:\/\/lacotepetrie.com\/wp-content\/uploads\/2023\/10\/BISSI-1-1024x687.jpg 1024w, https:\/\/lacotepetrie.com\/wp-content\/uploads\/2023\/10\/BISSI-1-768x515.jpg 768w, https:\/\/lacotepetrie.com\/wp-content\/uploads\/2023\/10\/BISSI-1-1536x1030.jpg 1536w, https:\/\/lacotepetrie.com\/wp-content\/uploads\/2023\/10\/BISSI-1-2048x1373.jpg 2048w, https:\/\/lacotepetrie.com\/wp-content\/uploads\/2023\/10\/BISSI-1-600x402.jpg 600w\" sizes=\"(max-width: 300px) 100vw, 300px\" \/><\/a>\n\t\t\t<\/div><\/figure><figure class='gallery-item'>\n\t\t\t<div class='gallery-icon landscape'>\n\t\t\t\t<a data-elementor-open-lightbox=\"yes\" data-elementor-lightbox-slideshow=\"c0b60dd\" data-elementor-lightbox-title=\"ALO9\" href='https:\/\/lacotepetrie.com\/wp-content\/uploads\/2023\/10\/ALO9-scaled.jpg'><img width=\"300\" height=\"200\" src=\"https:\/\/lacotepetrie.com\/wp-content\/uploads\/2023\/10\/ALO9-300x200.jpg\" class=\"attachment-medium size-medium\" alt=\"\" loading=\"lazy\" srcset=\"https:\/\/lacotepetrie.com\/wp-content\/uploads\/2023\/10\/ALO9-300x200.jpg 300w, https:\/\/lacotepetrie.com\/wp-content\/uploads\/2023\/10\/ALO9-1024x683.jpg 1024w, https:\/\/lacotepetrie.com\/wp-content\/uploads\/2023\/10\/ALO9-768x512.jpg 768w, https:\/\/lacotepetrie.com\/wp-content\/uploads\/2023\/10\/ALO9-1536x1024.jpg 1536w, https:\/\/lacotepetrie.com\/wp-content\/uploads\/2023\/10\/ALO9-2048x1365.jpg 2048w, https:\/\/lacotepetrie.com\/wp-content\/uploads\/2023\/10\/ALO9-600x400.jpg 600w\" sizes=\"(max-width: 300px) 100vw, 300px\" \/><\/a>\n\t\t\t<\/div><\/figure><figure class='gallery-item'>\n\t\t\t<div class='gallery-icon landscape'>\n\t\t\t\t<a data-elementor-open-lightbox=\"yes\" data-elementor-lightbox-slideshow=\"c0b60dd\" data-elementor-lightbox-title=\"FC1\" href='https:\/\/lacotepetrie.com\/wp-content\/uploads\/2023\/10\/FC1-scaled.jpg'><img width=\"300\" height=\"200\" src=\"https:\/\/lacotepetrie.com\/wp-content\/uploads\/2023\/10\/FC1-300x200.jpg\" class=\"attachment-medium size-medium\" alt=\"\" loading=\"lazy\" srcset=\"https:\/\/lacotepetrie.com\/wp-content\/uploads\/2023\/10\/FC1-300x200.jpg 300w, https:\/\/lacotepetrie.com\/wp-content\/uploads\/2023\/10\/FC1-1024x683.jpg 1024w, https:\/\/lacotepetrie.com\/wp-content\/uploads\/2023\/10\/FC1-768x512.jpg 768w, https:\/\/lacotepetrie.com\/wp-content\/uploads\/2023\/10\/FC1-1536x1024.jpg 1536w, https:\/\/lacotepetrie.com\/wp-content\/uploads\/2023\/10\/FC1-2048x1365.jpg 2048w, https:\/\/lacotepetrie.com\/wp-content\/uploads\/2023\/10\/FC1-600x400.jpg 600w\" sizes=\"(max-width: 300px) 100vw, 300px\" \/><\/a>\n\t\t\t<\/div><\/figure><figure class='gallery-item'>\n\t\t\t<div class='gallery-icon landscape'>\n\t\t\t\t<a data-elementor-open-lightbox=\"yes\" data-elementor-lightbox-slideshow=\"c0b60dd\" data-elementor-lightbox-title=\"G8\" href='https:\/\/lacotepetrie.com\/wp-content\/uploads\/2023\/10\/G8-scaled.jpg'><img width=\"300\" height=\"200\" src=\"https:\/\/lacotepetrie.com\/wp-content\/uploads\/2023\/10\/G8-300x200.jpg\" class=\"attachment-medium size-medium\" alt=\"\" loading=\"lazy\" srcset=\"https:\/\/lacotepetrie.com\/wp-content\/uploads\/2023\/10\/G8-300x200.jpg 300w, https:\/\/lacotepetrie.com\/wp-content\/uploads\/2023\/10\/G8-1024x683.jpg 1024w, https:\/\/lacotepetrie.com\/wp-content\/uploads\/2023\/10\/G8-768x512.jpg 768w, https:\/\/lacotepetrie.com\/wp-content\/uploads\/2023\/10\/G8-1536x1024.jpg 1536w, https:\/\/lacotepetrie.com\/wp-content\/uploads\/2023\/10\/G8-2048x1365.jpg 2048w, https:\/\/lacotepetrie.com\/wp-content\/uploads\/2023\/10\/G8-600x400.jpg 600w\" sizes=\"(max-width: 300px) 100vw, 300px\" \/><\/a>\n\t\t\t<\/div><\/figure><figure class='gallery-item'>\n\t\t\t<div class='gallery-icon landscape'>\n\t\t\t\t<a data-elementor-open-lightbox=\"yes\" data-elementor-lightbox-slideshow=\"c0b60dd\" data-elementor-lightbox-title=\"K12\" href='https:\/\/lacotepetrie.com\/wp-content\/uploads\/2023\/10\/K12-scaled.jpg'><img width=\"300\" height=\"200\" src=\"https:\/\/lacotepetrie.com\/wp-content\/uploads\/2023\/10\/K12-300x200.jpg\" class=\"attachment-medium size-medium\" alt=\"\" loading=\"lazy\" srcset=\"https:\/\/lacotepetrie.com\/wp-content\/uploads\/2023\/10\/K12-300x200.jpg 300w, https:\/\/lacotepetrie.com\/wp-content\/uploads\/2023\/10\/K12-1024x683.jpg 1024w, https:\/\/lacotepetrie.com\/wp-content\/uploads\/2023\/10\/K12-768x512.jpg 768w, https:\/\/lacotepetrie.com\/wp-content\/uploads\/2023\/10\/K12-1536x1024.jpg 1536w, https:\/\/lacotepetrie.com\/wp-content\/uploads\/2023\/10\/K12-2048x1365.jpg 2048w, https:\/\/lacotepetrie.com\/wp-content\/uploads\/2023\/10\/K12-600x400.jpg 600w\" sizes=\"(max-width: 300px) 100vw, 300px\" \/><\/a>\n\t\t\t<\/div><\/figure><figure class='gallery-item'>\n\t\t\t<div class='gallery-icon landscape'>\n\t\t\t\t<a data-elementor-open-lightbox=\"yes\" data-elementor-lightbox-slideshow=\"c0b60dd\" data-elementor-lightbox-title=\"NICO 7\" href='https:\/\/lacotepetrie.com\/wp-content\/uploads\/2023\/10\/NICO-7-scaled.jpg'><img width=\"300\" height=\"200\" src=\"https:\/\/lacotepetrie.com\/wp-content\/uploads\/2023\/10\/NICO-7-300x200.jpg\" class=\"attachment-medium size-medium\" alt=\"\" loading=\"lazy\" srcset=\"https:\/\/lacotepetrie.com\/wp-content\/uploads\/2023\/10\/NICO-7-300x200.jpg 300w, https:\/\/lacotepetrie.com\/wp-content\/uploads\/2023\/10\/NICO-7-1024x683.jpg 1024w, https:\/\/lacotepetrie.com\/wp-content\/uploads\/2023\/10\/NICO-7-768x512.jpg 768w, https:\/\/lacotepetrie.com\/wp-content\/uploads\/2023\/10\/NICO-7-1536x1024.jpg 1536w, https:\/\/lacotepetrie.com\/wp-content\/uploads\/2023\/10\/NICO-7-2048x1365.jpg 2048w, https:\/\/lacotepetrie.com\/wp-content\/uploads\/2023\/10\/NICO-7-600x400.jpg 600w\" sizes=\"(max-width: 300px) 100vw, 300px\" \/><\/a>\n\t\t\t<\/div><\/figure><figure class='gallery-item'>\n\t\t\t<div class='gallery-icon landscape'>\n\t\t\t\t<a data-elementor-open-lightbox=\"yes\" data-elementor-lightbox-slideshow=\"c0b60dd\" data-elementor-lightbox-title=\"NICO 25\" href='https:\/\/lacotepetrie.com\/wp-content\/uploads\/2023\/10\/NICO-25-scaled.jpg'><img width=\"300\" height=\"200\" src=\"https:\/\/lacotepetrie.com\/wp-content\/uploads\/2023\/10\/NICO-25-300x200.jpg\" class=\"attachment-medium size-medium\" alt=\"\" loading=\"lazy\" srcset=\"https:\/\/lacotepetrie.com\/wp-content\/uploads\/2023\/10\/NICO-25-300x200.jpg 300w, https:\/\/lacotepetrie.com\/wp-content\/uploads\/2023\/10\/NICO-25-1024x683.jpg 1024w, https:\/\/lacotepetrie.com\/wp-content\/uploads\/2023\/10\/NICO-25-768x512.jpg 768w, https:\/\/lacotepetrie.com\/wp-content\/uploads\/2023\/10\/NICO-25-1536x1024.jpg 1536w, https:\/\/lacotepetrie.com\/wp-content\/uploads\/2023\/10\/NICO-25-2048x1365.jpg 2048w, https:\/\/lacotepetrie.com\/wp-content\/uploads\/2023\/10\/NICO-25-600x400.jpg 600w\" sizes=\"(max-width: 300px) 100vw, 300px\" \/><\/a>\n\t\t\t<\/div><\/figure><figure class='gallery-item'>\n\t\t\t<div class='gallery-icon landscape'>\n\t\t\t\t<a data-elementor-open-lightbox=\"yes\" data-elementor-lightbox-slideshow=\"c0b60dd\" data-elementor-lightbox-title=\"JU 10\" href='https:\/\/lacotepetrie.com\/wp-content\/uploads\/2023\/10\/JU-10-scaled.jpg'><img width=\"300\" height=\"200\" src=\"https:\/\/lacotepetrie.com\/wp-content\/uploads\/2023\/10\/JU-10-300x200.jpg\" class=\"attachment-medium size-medium\" alt=\"\" loading=\"lazy\" srcset=\"https:\/\/lacotepetrie.com\/wp-content\/uploads\/2023\/10\/JU-10-300x200.jpg 300w, https:\/\/lacotepetrie.com\/wp-content\/uploads\/2023\/10\/JU-10-1024x683.jpg 1024w, https:\/\/lacotepetrie.com\/wp-content\/uploads\/2023\/10\/JU-10-768x512.jpg 768w, https:\/\/lacotepetrie.com\/wp-content\/uploads\/2023\/10\/JU-10-1536x1024.jpg 1536w, https:\/\/lacotepetrie.com\/wp-content\/uploads\/2023\/10\/JU-10-2048x1365.jpg 2048w, https:\/\/lacotepetrie.com\/wp-content\/uploads\/2023\/10\/JU-10-600x400.jpg 600w\" sizes=\"(max-width: 300px) 100vw, 300px\" \/><\/a>\n\t\t\t<\/div><\/figure><figure class='gallery-item'>\n\t\t\t<div class='gallery-icon landscape'>\n\t\t\t\t<a data-elementor-open-lightbox=\"yes\" data-elementor-lightbox-slideshow=\"c0b60dd\" data-elementor-lightbox-title=\"NINA 2\" href='https:\/\/lacotepetrie.com\/wp-content\/uploads\/2023\/10\/NINA-2-scaled.jpg'><img width=\"300\" height=\"200\" src=\"https:\/\/lacotepetrie.com\/wp-content\/uploads\/2023\/10\/NINA-2-300x200.jpg\" class=\"attachment-medium size-medium\" alt=\"\" loading=\"lazy\" srcset=\"https:\/\/lacotepetrie.com\/wp-content\/uploads\/2023\/10\/NINA-2-300x200.jpg 300w, https:\/\/lacotepetrie.com\/wp-content\/uploads\/2023\/10\/NINA-2-1024x683.jpg 1024w, https:\/\/lacotepetrie.com\/wp-content\/uploads\/2023\/10\/NINA-2-768x512.jpg 768w, https:\/\/lacotepetrie.com\/wp-content\/uploads\/2023\/10\/NINA-2-1536x1024.jpg 1536w, https:\/\/lacotepetrie.com\/wp-content\/uploads\/2023\/10\/NINA-2-2048x1365.jpg 2048w, https:\/\/lacotepetrie.com\/wp-content\/uploads\/2023\/10\/NINA-2-600x400.jpg 600w\" sizes=\"(max-width: 300px) 100vw, 300px\" \/><\/a>\n\t\t\t<\/div><\/figure>\n\t\t<\/div>\n\t\t<\/div>\n\t\t\t\t<\/div>\n\t\t\t\t<\/div>\n\t\t\t\t\t\t<\/div>\n\t\t\t\t\t<\/div>\n\t\t<\/div>\n\t\t\t\t\t\t\t\t<\/div>\n\t\t\t\t\t<\/div>\n\t\t<\/section>\n\t\t\t\t<section class=\"elementor-section elementor-top-section elementor-element elementor-element-8361cec elementor-section-boxed elementor-section-height-default elementor-section-height-default\" data-id=\"8361cec\" data-element_type=\"section\">\n\t\t\t\t\t\t<div class=\"elementor-container elementor-column-gap-default\">\n\t\t\t\t\t\t\t<div class=\"elementor-row\">\n\t\t\t\t\t<div class=\"elementor-column elementor-col-100 elementor-top-column elementor-element elementor-element-7eb808b\" data-id=\"7eb808b\" data-element_type=\"column\">\n\t\t\t<div class=\"elementor-column-wrap elementor-element-populated\">\n\t\t\t\t\t\t\t<div class=\"elementor-widget-wrap\">\n\t\t\t\t\t\t<div class=\"elementor-element elementor-element-aa3f22a elementor-aspect-ratio-169 elementor-widget elementor-widget-video\" data-id=\"aa3f22a\" data-element_type=\"widget\" data-settings=\"{&quot;aspect_ratio&quot;:&quot;169&quot;}\" data-widget_type=\"video.default\">\n\t\t\t\t<div class=\"elementor-widget-container\">\n\t\t\t\t\t<div class=\"elementor-wrapper elementor-fit-aspect-ratio elementor-open-inline\">\n\t\t\t<iframe class=\"elementor-video-iframe\" allowfullscreen title=\"Lecteur vid\u00e9o vimeo\" src=\"https:\/\/player.vimeo.com\/video\/817929426?start&amp;end&amp;wmode=opaque&amp;loop=0&amp;controls=1&amp;mute=0&amp;rel=0&amp;modestbranding=0#t=\"><\/iframe>\t\t<\/div>\n\t\t\t\t<\/div>\n\t\t\t\t<\/div>\n\t\t\t\t\t\t<\/div>\n\t\t\t\t\t<\/div>\n\t\t<\/div>\n\t\t\t\t\t\t\t\t<\/div>\n\t\t\t\t\t<\/div>\n\t\t<\/section>\n\t\t\t\t\t\t<\/div>\n\t\t\t\t\t\t<\/div>\n\t\t\t\t\t<\/div>\n\t\t","protected":false},"excerpt":{"rendered":"<p>CULEDO, c\u2019est le jeu de tous vos fantasmes ! CULEDO, c\u2019est le jeu de tous vos fantasmes ! Qui a fait l\u2019amour avec qui ? Dans quelle salle ? Avec quel objet ? Quelles identit\u00e9s prendra ce myst\u00e9rieux th\u00e9\u00e2tre orgiaque ? Qui sera sucepect\u00e9\u00b7e ? Qui sera a-cul-s\u00e9\u00b7e? Ce sera \u00e0 toi de tout \u00e9lucider\u2026 &hellip;<\/p>\n<p class=\"read-more\"> <a class=\"\" href=\"https:\/\/lacotepetrie.com\/index.php\/culedo\/\"> <span class=\"screen-reader-text\">Jeux adultes<\/span> Lire la suite\u00a0\u00bb<\/a><\/p>\n","protected":false},"author":1,"featured_media":0,"parent":0,"menu_order":0,"comment_status":"closed","ping_status":"closed","template":"","meta":[],"_links":{"self":[{"href":"https:\/\/lacotepetrie.com\/index.php\/wp-json\/wp\/v2\/pages\/3980"}],"collection":[{"href":"https:\/\/lacotepetrie.com\/index.php\/wp-json\/wp\/v2\/pages"}],"about":[{"href":"https:\/\/lacotepetrie.com\/index.php\/wp-json\/wp\/v2\/types\/page"}],"author":[{"embeddable":true,"href":"https:\/\/lacotepetrie.com\/index.php\/wp-json\/wp\/v2\/users\/1"}],"replies":[{"embeddable":true,"href":"https:\/\/lacotepetrie.com\/index.php\/wp-json\/wp\/v2\/comments?post=3980"}],"version-history":[{"count":32,"href":"https:\/\/lacotepetrie.com\/index.php\/wp-json\/wp\/v2\/pages\/3980\/revisions"}],"predecessor-version":[{"id":4284,"href":"https:\/\/lacotepetrie.com\/index.php\/wp-json\/wp\/v2\/pages\/3980\/revisions\/4284"}],"wp:attachment":[{"href":"https:\/\/lacotepetrie.com\/index.php\/wp-json\/wp\/v2\/media?parent=3980"}],"curies":[{"name":"wp","href":"https:\/\/api.w.org\/{rel}","templated":true}]}}