{"id":4016,"date":"2021-01-07T03:55:48","date_gmt":"2021-01-07T02:55:48","guid":{"rendered":"http:\/\/lacotepetrie.com\/?page_id=4016"},"modified":"2021-01-12T04:05:01","modified_gmt":"2021-01-12T03:05:01","slug":"irina-rochette","status":"publish","type":"page","link":"https:\/\/lacotepetrie.com\/index.php\/irina-rochette\/","title":{"rendered":"Irina Rochette"},"content":{"rendered":"\t\t<div data-elementor-type=\"wp-page\" data-elementor-id=\"4016\" class=\"elementor elementor-4016\" data-elementor-settings=\"[]\">\n\t\t\t\t\t\t<div class=\"elementor-inner\">\n\t\t\t\t\t\t\t<div class=\"elementor-section-wrap\">\n\t\t\t\t\t\t\t<section class=\"elementor-section elementor-top-section elementor-element elementor-element-cc65a87 elementor-section-boxed elementor-section-height-default elementor-section-height-default\" data-id=\"cc65a87\" data-element_type=\"section\">\n\t\t\t\t\t\t<div class=\"elementor-container elementor-column-gap-default\">\n\t\t\t\t\t\t\t<div class=\"elementor-row\">\n\t\t\t\t\t<div class=\"elementor-column elementor-col-100 elementor-top-column elementor-element elementor-element-bf0b58\" data-id=\"bf0b58\" data-element_type=\"column\">\n\t\t\t<div class=\"elementor-column-wrap elementor-element-populated\">\n\t\t\t\t\t\t\t<div class=\"elementor-widget-wrap\">\n\t\t\t\t\t\t<div class=\"elementor-element elementor-element-3129750b elementor-widget elementor-widget-image\" data-id=\"3129750b\" data-element_type=\"widget\" data-widget_type=\"image.default\">\n\t\t\t\t<div class=\"elementor-widget-container\">\n\t\t\t\t\t<div class=\"elementor-image\">\n\t\t\t\t\t\t\t\t\t\t\t<a href=\"https:\/\/www.instagram.com\/iri2pointzero\/\">\n\t\t\t\t\t\t\t<img width=\"1024\" height=\"188\" src=\"https:\/\/lacotepetrie.com\/wp-content\/uploads\/2021\/01\/TITRE-IRINA-1024x188.png\" class=\"attachment-large size-large\" alt=\"\" loading=\"lazy\" srcset=\"https:\/\/lacotepetrie.com\/wp-content\/uploads\/2021\/01\/TITRE-IRINA-1024x188.png 1024w, https:\/\/lacotepetrie.com\/wp-content\/uploads\/2021\/01\/TITRE-IRINA-300x55.png 300w, https:\/\/lacotepetrie.com\/wp-content\/uploads\/2021\/01\/TITRE-IRINA-768x141.png 768w, https:\/\/lacotepetrie.com\/wp-content\/uploads\/2021\/01\/TITRE-IRINA-1536x282.png 1536w, https:\/\/lacotepetrie.com\/wp-content\/uploads\/2021\/01\/TITRE-IRINA-2048x377.png 2048w, https:\/\/lacotepetrie.com\/wp-content\/uploads\/2021\/01\/TITRE-IRINA-600x110.png 600w\" sizes=\"(max-width: 1024px) 100vw, 1024px\" \/>\t\t\t\t\t\t\t\t<\/a>\n\t\t\t\t\t\t\t\t\t\t\t<\/div>\n\t\t\t\t<\/div>\n\t\t\t\t<\/div>\n\t\t\t\t\t\t<\/div>\n\t\t\t\t\t<\/div>\n\t\t<\/div>\n\t\t\t\t\t\t\t\t<\/div>\n\t\t\t\t\t<\/div>\n\t\t<\/section>\n\t\t\t\t<section class=\"elementor-section elementor-top-section elementor-element elementor-element-7218fc58 elementor-section-boxed elementor-section-height-default elementor-section-height-default\" data-id=\"7218fc58\" data-element_type=\"section\">\n\t\t\t\t\t\t<div class=\"elementor-container elementor-column-gap-default\">\n\t\t\t\t\t\t\t<div class=\"elementor-row\">\n\t\t\t\t\t<div class=\"elementor-column elementor-col-50 elementor-top-column elementor-element elementor-element-6baa8230\" data-id=\"6baa8230\" data-element_type=\"column\">\n\t\t\t<div class=\"elementor-column-wrap elementor-element-populated\">\n\t\t\t\t\t\t\t<div class=\"elementor-widget-wrap\">\n\t\t\t\t\t\t<div class=\"elementor-element elementor-element-4b98e43a elementor-widget elementor-widget-text-editor\" data-id=\"4b98e43a\" data-element_type=\"widget\" data-widget_type=\"text-editor.default\">\n\t\t\t\t<div class=\"elementor-widget-container\">\n\t\t\t\t\t<div class=\"elementor-text-editor elementor-clearfix\"><p><span style=\"font-size: 16px;\">Cette ic\u00f4ne lyonnaise, tatoueuse et illustratrice, va venir apporter sa patte rouge sang au jeu des (cis) familles. \u00c0 travers un univers fantasque et mythologique, l\u2019artiste va puiser ses racines dans diff\u00e9rentes sujets soci\u00e9taux: la passion, l\u2019argent, le couple ou encore la mort, au gr\u00e9 de personnages de moins en moins genr\u00e9s. Et si ces diff\u00e9rentes incarnations venaient s\u2019ancrer au plus profond de votre \u00e9piderme ? Des corps incolores, indolores, des morts qui reprennent vie, des sculptures anim\u00e9es, des pulsions inavou\u00e9es, tant de ph\u00e9nom\u00e8nes qu\u2019Irina va perp\u00e9tuer pour Lac\u00f4 te P\u00e9trie.<\/span><\/p><p><span style=\"font-size: 16px;\">\u00a0<\/span><\/p><\/div>\n\t\t\t\t<\/div>\n\t\t\t\t<\/div>\n\t\t\t\t\t\t<\/div>\n\t\t\t\t\t<\/div>\n\t\t<\/div>\n\t\t\t\t<div class=\"elementor-column elementor-col-50 elementor-top-column elementor-element elementor-element-3f56f4f0\" data-id=\"3f56f4f0\" data-element_type=\"column\">\n\t\t\t<div class=\"elementor-column-wrap elementor-element-populated\">\n\t\t\t\t\t\t\t<div class=\"elementor-widget-wrap\">\n\t\t\t\t\t\t<div class=\"elementor-element elementor-element-d686763 elementor-widget elementor-widget-image\" data-id=\"d686763\" data-element_type=\"widget\" data-widget_type=\"image.default\">\n\t\t\t\t<div class=\"elementor-widget-container\">\n\t\t\t\t\t<div class=\"elementor-image\">\n\t\t\t\t\t\t\t\t\t\t<img width=\"535\" height=\"346\" src=\"https:\/\/lacotepetrie.com\/wp-content\/uploads\/2021\/01\/IRINALOGO2.png\" class=\"attachment-large size-large\" alt=\"\" loading=\"lazy\" srcset=\"https:\/\/lacotepetrie.com\/wp-content\/uploads\/2021\/01\/IRINALOGO2.png 535w, https:\/\/lacotepetrie.com\/wp-content\/uploads\/2021\/01\/IRINALOGO2-300x194.png 300w\" sizes=\"(max-width: 535px) 100vw, 535px\" \/>\t\t\t\t\t\t\t\t\t\t\t<\/div>\n\t\t\t\t<\/div>\n\t\t\t\t<\/div>\n\t\t\t\t\t\t<\/div>\n\t\t\t\t\t<\/div>\n\t\t<\/div>\n\t\t\t\t\t\t\t\t<\/div>\n\t\t\t\t\t<\/div>\n\t\t<\/section>\n\t\t\t\t<section class=\"elementor-section elementor-top-section elementor-element elementor-element-8a5abb2 elementor-section-boxed elementor-section-height-default elementor-section-height-default\" data-id=\"8a5abb2\" data-element_type=\"section\">\n\t\t\t\t\t\t<div class=\"elementor-container elementor-column-gap-default\">\n\t\t\t\t\t\t\t<div class=\"elementor-row\">\n\t\t\t\t\t<div class=\"elementor-column elementor-col-50 elementor-top-column elementor-element elementor-element-1d517f05\" data-id=\"1d517f05\" data-element_type=\"column\">\n\t\t\t<div class=\"elementor-column-wrap elementor-element-populated\">\n\t\t\t\t\t\t\t<div class=\"elementor-widget-wrap\">\n\t\t\t\t\t\t<div class=\"elementor-element elementor-element-450029d2 elementor-widget elementor-widget-image\" data-id=\"450029d2\" data-element_type=\"widget\" data-widget_type=\"image.default\">\n\t\t\t\t<div class=\"elementor-widget-container\">\n\t\t\t\t\t<div class=\"elementor-image\">\n\t\t\t\t\t\t\t\t\t\t<img width=\"1024\" height=\"990\" src=\"https:\/\/lacotepetrie.com\/wp-content\/uploads\/2021\/01\/PHOTO4-1024x990.jpg\" class=\"attachment-large size-large\" alt=\"\" loading=\"lazy\" srcset=\"https:\/\/lacotepetrie.com\/wp-content\/uploads\/2021\/01\/PHOTO4-1024x990.jpg 1024w, https:\/\/lacotepetrie.com\/wp-content\/uploads\/2021\/01\/PHOTO4-300x290.jpg 300w, https:\/\/lacotepetrie.com\/wp-content\/uploads\/2021\/01\/PHOTO4-768x742.jpg 768w, https:\/\/lacotepetrie.com\/wp-content\/uploads\/2021\/01\/PHOTO4-600x580.jpg 600w, https:\/\/lacotepetrie.com\/wp-content\/uploads\/2021\/01\/PHOTO4.jpg 1080w\" sizes=\"(max-width: 1024px) 100vw, 1024px\" \/>\t\t\t\t\t\t\t\t\t\t\t<\/div>\n\t\t\t\t<\/div>\n\t\t\t\t<\/div>\n\t\t\t\t\t\t<\/div>\n\t\t\t\t\t<\/div>\n\t\t<\/div>\n\t\t\t\t<div class=\"elementor-column elementor-col-50 elementor-top-column elementor-element elementor-element-4935c6ff\" data-id=\"4935c6ff\" data-element_type=\"column\">\n\t\t\t<div class=\"elementor-column-wrap elementor-element-populated\">\n\t\t\t\t\t\t\t<div class=\"elementor-widget-wrap\">\n\t\t\t\t\t\t<div class=\"elementor-element elementor-element-1051ee02 elementor-widget elementor-widget-text-editor\" data-id=\"1051ee02\" data-element_type=\"widget\" data-widget_type=\"text-editor.default\">\n\t\t\t\t<div class=\"elementor-widget-container\">\n\t\t\t\t\t<div class=\"elementor-text-editor elementor-clearfix\"><p>L\u2019ARGENT n\u2019a pas d\u2019ODEUR ni de VALEUR, il ne fera pas votre BONNHEUR\/\/\u00a0<span style=\"font-size: 16px;\">N\u00e9e d\u2019une fusion entre passion v\u00e9nale et argent sale, cette famille n\u00e9o mafia, v\u00e9ritable berceau criminel, va venir muter en amour fusionnel. Irina va alors r\u00e9inventer une mafia aux couleurs arc en ciel, au sein d\u2019un appartement factice perch\u00e9 tout en haut du 7e ciel. Bienvenue dans ce Fric Show, raillerie du casino, qui risque de vous\u00a0<\/span><span style=\"font-size: 16px;\">coller \u00e0 la peau&#8230;<\/span><\/p><\/div>\n\t\t\t\t<\/div>\n\t\t\t\t<\/div>\n\t\t\t\t<div class=\"elementor-element elementor-element-612ea97c elementor-widget elementor-widget-image\" data-id=\"612ea97c\" data-element_type=\"widget\" data-widget_type=\"image.default\">\n\t\t\t\t<div class=\"elementor-widget-container\">\n\t\t\t\t\t<div class=\"elementor-image\">\n\t\t\t\t\t\t\t\t\t\t<img width=\"1024\" height=\"1024\" src=\"https:\/\/lacotepetrie.com\/wp-content\/uploads\/2020\/12\/QUISUISJE033-1024x1024.jpg\" class=\"attachment-large size-large\" alt=\"\" loading=\"lazy\" srcset=\"https:\/\/lacotepetrie.com\/wp-content\/uploads\/2020\/12\/QUISUISJE033-1024x1024.jpg 1024w, https:\/\/lacotepetrie.com\/wp-content\/uploads\/2020\/12\/QUISUISJE033-300x300.jpg 300w, https:\/\/lacotepetrie.com\/wp-content\/uploads\/2020\/12\/QUISUISJE033-150x150.jpg 150w, https:\/\/lacotepetrie.com\/wp-content\/uploads\/2020\/12\/QUISUISJE033-768x768.jpg 768w, https:\/\/lacotepetrie.com\/wp-content\/uploads\/2020\/12\/QUISUISJE033-600x600.jpg 600w, https:\/\/lacotepetrie.com\/wp-content\/uploads\/2020\/12\/QUISUISJE033-100x100.jpg 100w, https:\/\/lacotepetrie.com\/wp-content\/uploads\/2020\/12\/QUISUISJE033.jpg 1418w\" sizes=\"(max-width: 1024px) 100vw, 1024px\" \/>\t\t\t\t\t\t\t\t\t\t\t<\/div>\n\t\t\t\t<\/div>\n\t\t\t\t<\/div>\n\t\t\t\t<div class=\"elementor-element elementor-element-b05f7cf elementor-view-default elementor-widget elementor-widget-icon\" data-id=\"b05f7cf\" data-element_type=\"widget\" data-widget_type=\"icon.default\">\n\t\t\t\t<div class=\"elementor-widget-container\">\n\t\t\t\t\t<div class=\"elementor-icon-wrapper\">\n\t\t\t<a class=\"elementor-icon\" href=\"https:\/\/www.instagram.com\/loicburzotta\/\">\n\t\t\t<i aria-hidden=\"true\" class=\"fab fa-instagram\"><\/i>\t\t\t<\/a>\n\t\t<\/div>\n\t\t\t\t<\/div>\n\t\t\t\t<\/div>\n\t\t\t\t\t\t<\/div>\n\t\t\t\t\t<\/div>\n\t\t<\/div>\n\t\t\t\t\t\t\t\t<\/div>\n\t\t\t\t\t<\/div>\n\t\t<\/section>\n\t\t\t\t\t\t<\/div>\n\t\t\t\t\t\t<\/div>\n\t\t\t\t\t<\/div>\n\t\t","protected":false},"excerpt":{"rendered":"<p>Cette ic\u00f4ne lyonnaise, tatoueuse et illustratrice, va venir apporter sa patte rouge sang au jeu des (cis) familles. \u00c0 travers un univers fantasque et mythologique, l\u2019artiste va puiser ses racines dans diff\u00e9rentes sujets soci\u00e9taux: la passion, l\u2019argent, le couple ou encore la mort, au gr\u00e9 de personnages de moins en moins genr\u00e9s. Et si ces &hellip;<\/p>\n<p class=\"read-more\"> <a class=\"\" href=\"https:\/\/lacotepetrie.com\/index.php\/irina-rochette\/\"> <span class=\"screen-reader-text\">Irina Rochette<\/span> Lire la suite\u00a0\u00bb<\/a><\/p>\n","protected":false},"author":1,"featured_media":0,"parent":0,"menu_order":0,"comment_status":"closed","ping_status":"closed","template":"","meta":[],"_links":{"self":[{"href":"https:\/\/lacotepetrie.com\/index.php\/wp-json\/wp\/v2\/pages\/4016"}],"collection":[{"href":"https:\/\/lacotepetrie.com\/index.php\/wp-json\/wp\/v2\/pages"}],"about":[{"href":"https:\/\/lacotepetrie.com\/index.php\/wp-json\/wp\/v2\/types\/page"}],"author":[{"embeddable":true,"href":"https:\/\/lacotepetrie.com\/index.php\/wp-json\/wp\/v2\/users\/1"}],"replies":[{"embeddable":true,"href":"https:\/\/lacotepetrie.com\/index.php\/wp-json\/wp\/v2\/comments?post=4016"}],"version-history":[{"count":7,"href":"https:\/\/lacotepetrie.com\/index.php\/wp-json\/wp\/v2\/pages\/4016\/revisions"}],"predecessor-version":[{"id":4072,"href":"https:\/\/lacotepetrie.com\/index.php\/wp-json\/wp\/v2\/pages\/4016\/revisions\/4072"}],"wp:attachment":[{"href":"https:\/\/lacotepetrie.com\/index.php\/wp-json\/wp\/v2\/media?parent=4016"}],"curies":[{"name":"wp","href":"https:\/\/api.w.org\/{rel}","templated":true}]}}