{"id":4020,"date":"2021-01-07T03:56:33","date_gmt":"2021-01-07T02:56:33","guid":{"rendered":"http:\/\/lacotepetrie.com\/?page_id=4020"},"modified":"2021-01-12T17:52:16","modified_gmt":"2021-01-12T16:52:16","slug":"laco","status":"publish","type":"page","link":"https:\/\/lacotepetrie.com\/index.php\/laco\/","title":{"rendered":"Lac\u00f4"},"content":{"rendered":"\t\t<div data-elementor-type=\"wp-page\" data-elementor-id=\"4020\" class=\"elementor elementor-4020\" data-elementor-settings=\"[]\">\n\t\t\t\t\t\t<div class=\"elementor-inner\">\n\t\t\t\t\t\t\t<div class=\"elementor-section-wrap\">\n\t\t\t\t\t\t\t<section class=\"elementor-section elementor-top-section elementor-element elementor-element-51846bbe elementor-section-boxed elementor-section-height-default elementor-section-height-default\" data-id=\"51846bbe\" data-element_type=\"section\">\n\t\t\t\t\t\t<div class=\"elementor-container elementor-column-gap-default\">\n\t\t\t\t\t\t\t<div class=\"elementor-row\">\n\t\t\t\t\t<div class=\"elementor-column elementor-col-100 elementor-top-column elementor-element elementor-element-426a6b9f\" data-id=\"426a6b9f\" data-element_type=\"column\">\n\t\t\t<div class=\"elementor-column-wrap elementor-element-populated\">\n\t\t\t\t\t\t\t<div class=\"elementor-widget-wrap\">\n\t\t\t\t\t\t<div class=\"elementor-element elementor-element-430a004a elementor-widget elementor-widget-image\" data-id=\"430a004a\" data-element_type=\"widget\" data-widget_type=\"image.default\">\n\t\t\t\t<div class=\"elementor-widget-container\">\n\t\t\t\t\t<div class=\"elementor-image\">\n\t\t\t\t\t\t\t\t\t\t<img width=\"1024\" height=\"552\" src=\"https:\/\/lacotepetrie.com\/wp-content\/uploads\/2021\/01\/LACO-TITRE-1024x552.png\" class=\"attachment-large size-large\" alt=\"\" loading=\"lazy\" srcset=\"https:\/\/lacotepetrie.com\/wp-content\/uploads\/2021\/01\/LACO-TITRE-1024x552.png 1024w, https:\/\/lacotepetrie.com\/wp-content\/uploads\/2021\/01\/LACO-TITRE-300x162.png 300w, https:\/\/lacotepetrie.com\/wp-content\/uploads\/2021\/01\/LACO-TITRE-768x414.png 768w, https:\/\/lacotepetrie.com\/wp-content\/uploads\/2021\/01\/LACO-TITRE-1536x828.png 1536w, https:\/\/lacotepetrie.com\/wp-content\/uploads\/2021\/01\/LACO-TITRE-600x323.png 600w, https:\/\/lacotepetrie.com\/wp-content\/uploads\/2021\/01\/LACO-TITRE.png 2045w\" sizes=\"(max-width: 1024px) 100vw, 1024px\" \/>\t\t\t\t\t\t\t\t\t\t\t<\/div>\n\t\t\t\t<\/div>\n\t\t\t\t<\/div>\n\t\t\t\t\t\t<\/div>\n\t\t\t\t\t<\/div>\n\t\t<\/div>\n\t\t\t\t\t\t\t\t<\/div>\n\t\t\t\t\t<\/div>\n\t\t<\/section>\n\t\t\t\t<section class=\"elementor-section elementor-top-section elementor-element elementor-element-30cc8e2f elementor-section-boxed elementor-section-height-default elementor-section-height-default\" data-id=\"30cc8e2f\" data-element_type=\"section\">\n\t\t\t\t\t\t<div class=\"elementor-container elementor-column-gap-default\">\n\t\t\t\t\t\t\t<div class=\"elementor-row\">\n\t\t\t\t\t<div class=\"elementor-column elementor-col-50 elementor-top-column elementor-element elementor-element-7368f3f4\" data-id=\"7368f3f4\" data-element_type=\"column\">\n\t\t\t<div class=\"elementor-column-wrap elementor-element-populated\">\n\t\t\t\t\t\t\t<div class=\"elementor-widget-wrap\">\n\t\t\t\t\t\t<div class=\"elementor-element elementor-element-692daac0 elementor-widget elementor-widget-image\" data-id=\"692daac0\" data-element_type=\"widget\" data-widget_type=\"image.default\">\n\t\t\t\t<div class=\"elementor-widget-container\">\n\t\t\t\t\t<div class=\"elementor-image\">\n\t\t\t\t\t\t\t\t\t\t<img width=\"448\" height=\"388\" src=\"https:\/\/lacotepetrie.com\/wp-content\/uploads\/2021\/01\/LACOLOGO-1.png\" class=\"attachment-large size-large\" alt=\"\" loading=\"lazy\" srcset=\"https:\/\/lacotepetrie.com\/wp-content\/uploads\/2021\/01\/LACOLOGO-1.png 448w, https:\/\/lacotepetrie.com\/wp-content\/uploads\/2021\/01\/LACOLOGO-1-300x260.png 300w\" sizes=\"(max-width: 448px) 100vw, 448px\" \/>\t\t\t\t\t\t\t\t\t\t\t<\/div>\n\t\t\t\t<\/div>\n\t\t\t\t<\/div>\n\t\t\t\t\t\t<\/div>\n\t\t\t\t\t<\/div>\n\t\t<\/div>\n\t\t\t\t<div class=\"elementor-column elementor-col-50 elementor-top-column elementor-element elementor-element-121a9fb2\" data-id=\"121a9fb2\" data-element_type=\"column\">\n\t\t\t<div class=\"elementor-column-wrap elementor-element-populated\">\n\t\t\t\t\t\t\t<div class=\"elementor-widget-wrap\">\n\t\t\t\t\t\t<div class=\"elementor-element elementor-element-5c9c317a elementor-widget elementor-widget-text-editor\" data-id=\"5c9c317a\" data-element_type=\"widget\" data-widget_type=\"text-editor.default\">\n\t\t\t\t<div class=\"elementor-widget-container\">\n\t\t\t\t\t<div class=\"elementor-text-editor elementor-clearfix\"><p><span style=\"font-size: 16px;\">\u00a0<\/span><\/p><p>Lac\u00f4 est un\u00b7e architecte prot\u00e9iforme: sculpture, photographie, performance, litt\u00e9rature, iel met en perspective toute la subtilit\u00e9 des sentiments, des \u00e9motions et de la sexualit\u00e9. En perp\u00e9tuelle recherche de d\u00e9genrification, une nouvelle forme d\u2019expression envahira l\u2019ensemble de l\u2019espace-temps pour exprimer une vision moderne de l\u2019humain et de ses multiples visages.<\/p><p><span style=\"font-size: 16px;\">\u00a0<\/span><\/p><\/div>\n\t\t\t\t<\/div>\n\t\t\t\t<\/div>\n\t\t\t\t\t\t<\/div>\n\t\t\t\t\t<\/div>\n\t\t<\/div>\n\t\t\t\t\t\t\t\t<\/div>\n\t\t\t\t\t<\/div>\n\t\t<\/section>\n\t\t\t\t<section class=\"elementor-section elementor-top-section elementor-element elementor-element-1fccd410 elementor-section-boxed elementor-section-height-default elementor-section-height-default\" data-id=\"1fccd410\" data-element_type=\"section\">\n\t\t\t\t\t\t<div class=\"elementor-container elementor-column-gap-default\">\n\t\t\t\t\t\t\t<div class=\"elementor-row\">\n\t\t\t\t\t<div class=\"elementor-column elementor-col-50 elementor-top-column elementor-element elementor-element-70271b7f\" data-id=\"70271b7f\" data-element_type=\"column\">\n\t\t\t<div class=\"elementor-column-wrap elementor-element-populated\">\n\t\t\t\t\t\t\t<div class=\"elementor-widget-wrap\">\n\t\t\t\t\t\t<div class=\"elementor-element elementor-element-61b37e6e elementor-widget elementor-widget-image\" data-id=\"61b37e6e\" data-element_type=\"widget\" data-widget_type=\"image.default\">\n\t\t\t\t<div class=\"elementor-widget-container\">\n\t\t\t\t\t<div class=\"elementor-image\">\n\t\t\t\t\t\t\t\t\t\t<img width=\"1024\" height=\"990\" src=\"https:\/\/lacotepetrie.com\/wp-content\/uploads\/2020\/12\/PHOTO3-1024x990.jpg\" class=\"attachment-large size-large\" alt=\"\" loading=\"lazy\" srcset=\"https:\/\/lacotepetrie.com\/wp-content\/uploads\/2020\/12\/PHOTO3-1024x990.jpg 1024w, https:\/\/lacotepetrie.com\/wp-content\/uploads\/2020\/12\/PHOTO3-300x290.jpg 300w, https:\/\/lacotepetrie.com\/wp-content\/uploads\/2020\/12\/PHOTO3-768x742.jpg 768w, https:\/\/lacotepetrie.com\/wp-content\/uploads\/2020\/12\/PHOTO3-600x580.jpg 600w, https:\/\/lacotepetrie.com\/wp-content\/uploads\/2020\/12\/PHOTO3.jpg 1080w\" sizes=\"(max-width: 1024px) 100vw, 1024px\" \/>\t\t\t\t\t\t\t\t\t\t\t<\/div>\n\t\t\t\t<\/div>\n\t\t\t\t<\/div>\n\t\t\t\t\t\t<\/div>\n\t\t\t\t\t<\/div>\n\t\t<\/div>\n\t\t\t\t<div class=\"elementor-column elementor-col-50 elementor-top-column elementor-element elementor-element-7156c619\" data-id=\"7156c619\" data-element_type=\"column\">\n\t\t\t<div class=\"elementor-column-wrap elementor-element-populated\">\n\t\t\t\t\t\t\t<div class=\"elementor-widget-wrap\">\n\t\t\t\t\t\t<div class=\"elementor-element elementor-element-32f38d06 elementor-widget elementor-widget-text-editor\" data-id=\"32f38d06\" data-element_type=\"widget\" data-widget_type=\"text-editor.default\">\n\t\t\t\t<div class=\"elementor-widget-container\">\n\t\t\t\t\t<div class=\"elementor-text-editor elementor-clearfix\"><p>M\u00e9fions nous des APPARENCES, M\u00ealez vous \u00e0 la DANSE, Serions-nous en TRANS ? Les membres prennent vie, les organes montrent leur vrai visage, lors de ce grand bal d\u00e9sanchant\u00e9, o\u00f9 les injonctions vont venir se d\u00e9cupler au sein d\u2019une soci\u00e9t\u00e9 aux traits h\u00e9t\u00e9ronorm\u00e9s. Ces corps dansants vont s\u2019abandonner l\u2019espace d\u2019un instant, lors d\u2019une farandole, un bal \u00e9vanescent. Voil\u00e9 d\u00e9voil\u00e9, montr\u00e9 cach\u00e9, et si le plus intrigant \u00e9tait dissimul\u00e9 sous cet \u00e9piderme satin\u00e9 bleu sang? Des corps hypertrophi\u00e9s, des contr\u00e9es inexplor\u00e9es, une subculture d\u00e9membr\u00e9e, une fuite des identit\u00e9s : le fruit de la maternit\u00e9&#8230; Qui se cache alors sous ces masques soci\u00e9taux d\u00e9mat\u00e9rialis\u00e9s ? Vous ? Moi ? Il ? Elle ? Iel ? Com\u00e9dien.e.s surr\u00e9alistes, projections astrales, et si votre visage \u00e9tait un masque de com\u00e9die pos\u00e9 sur la trag\u00e9die de l\u2019\u00e2me ?<\/p><\/div>\n\t\t\t\t<\/div>\n\t\t\t\t<\/div>\n\t\t\t\t<div class=\"elementor-element elementor-element-4043fe5 elementor-widget elementor-widget-image\" data-id=\"4043fe5\" data-element_type=\"widget\" data-widget_type=\"image.default\">\n\t\t\t\t<div class=\"elementor-widget-container\">\n\t\t\t\t\t<div class=\"elementor-image\">\n\t\t\t\t\t\t\t\t\t\t<img width=\"1024\" height=\"1024\" src=\"https:\/\/lacotepetrie.com\/wp-content\/uploads\/2020\/12\/QUISUISJE037-1024x1024.jpg\" class=\"attachment-large size-large\" alt=\"\" loading=\"lazy\" srcset=\"https:\/\/lacotepetrie.com\/wp-content\/uploads\/2020\/12\/QUISUISJE037-1024x1024.jpg 1024w, https:\/\/lacotepetrie.com\/wp-content\/uploads\/2020\/12\/QUISUISJE037-300x300.jpg 300w, https:\/\/lacotepetrie.com\/wp-content\/uploads\/2020\/12\/QUISUISJE037-150x150.jpg 150w, https:\/\/lacotepetrie.com\/wp-content\/uploads\/2020\/12\/QUISUISJE037-768x768.jpg 768w, https:\/\/lacotepetrie.com\/wp-content\/uploads\/2020\/12\/QUISUISJE037-600x600.jpg 600w, https:\/\/lacotepetrie.com\/wp-content\/uploads\/2020\/12\/QUISUISJE037-100x100.jpg 100w, https:\/\/lacotepetrie.com\/wp-content\/uploads\/2020\/12\/QUISUISJE037.jpg 1418w\" sizes=\"(max-width: 1024px) 100vw, 1024px\" \/>\t\t\t\t\t\t\t\t\t\t\t<\/div>\n\t\t\t\t<\/div>\n\t\t\t\t<\/div>\n\t\t\t\t<div class=\"elementor-element elementor-element-7015fa6b elementor-view-default elementor-widget elementor-widget-icon\" data-id=\"7015fa6b\" data-element_type=\"widget\" data-widget_type=\"icon.default\">\n\t\t\t\t<div class=\"elementor-widget-container\">\n\t\t\t\t\t<div class=\"elementor-icon-wrapper\">\n\t\t\t<a class=\"elementor-icon\" href=\"https:\/\/www.instagram.com\/lacotepetrie\/\">\n\t\t\t<i aria-hidden=\"true\" class=\"fab fa-instagram\"><\/i>\t\t\t<\/a>\n\t\t<\/div>\n\t\t\t\t<\/div>\n\t\t\t\t<\/div>\n\t\t\t\t\t\t<\/div>\n\t\t\t\t\t<\/div>\n\t\t<\/div>\n\t\t\t\t\t\t\t\t<\/div>\n\t\t\t\t\t<\/div>\n\t\t<\/section>\n\t\t\t\t\t\t<\/div>\n\t\t\t\t\t\t<\/div>\n\t\t\t\t\t<\/div>\n\t\t","protected":false},"excerpt":{"rendered":"<p>\u00a0 Lac\u00f4 est un\u00b7e architecte prot\u00e9iforme: sculpture, photographie, performance, litt\u00e9rature, iel met en perspective toute la subtilit\u00e9 des sentiments, des \u00e9motions et de la sexualit\u00e9. En perp\u00e9tuelle recherche de d\u00e9genrification, une nouvelle forme d\u2019expression envahira l\u2019ensemble de l\u2019espace-temps pour exprimer une vision moderne de l\u2019humain et de ses multiples visages. \u00a0 M\u00e9fions nous des APPARENCES, &hellip;<\/p>\n<p class=\"read-more\"> <a class=\"\" href=\"https:\/\/lacotepetrie.com\/index.php\/laco\/\"> <span class=\"screen-reader-text\">Lac\u00f4<\/span> Lire la suite\u00a0\u00bb<\/a><\/p>\n","protected":false},"author":1,"featured_media":0,"parent":0,"menu_order":0,"comment_status":"closed","ping_status":"closed","template":"","meta":[],"_links":{"self":[{"href":"https:\/\/lacotepetrie.com\/index.php\/wp-json\/wp\/v2\/pages\/4020"}],"collection":[{"href":"https:\/\/lacotepetrie.com\/index.php\/wp-json\/wp\/v2\/pages"}],"about":[{"href":"https:\/\/lacotepetrie.com\/index.php\/wp-json\/wp\/v2\/types\/page"}],"author":[{"embeddable":true,"href":"https:\/\/lacotepetrie.com\/index.php\/wp-json\/wp\/v2\/users\/1"}],"replies":[{"embeddable":true,"href":"https:\/\/lacotepetrie.com\/index.php\/wp-json\/wp\/v2\/comments?post=4020"}],"version-history":[{"count":4,"href":"https:\/\/lacotepetrie.com\/index.php\/wp-json\/wp\/v2\/pages\/4020\/revisions"}],"predecessor-version":[{"id":4095,"href":"https:\/\/lacotepetrie.com\/index.php\/wp-json\/wp\/v2\/pages\/4020\/revisions\/4095"}],"wp:attachment":[{"href":"https:\/\/lacotepetrie.com\/index.php\/wp-json\/wp\/v2\/media?parent=4020"}],"curies":[{"name":"wp","href":"https:\/\/api.w.org\/{rel}","templated":true}]}}