{"id":4022,"date":"2021-01-07T03:57:01","date_gmt":"2021-01-07T02:57:01","guid":{"rendered":"http:\/\/lacotepetrie.com\/?page_id=4022"},"modified":"2021-01-11T18:52:47","modified_gmt":"2021-01-11T17:52:47","slug":"loic-burzotta","status":"publish","type":"page","link":"https:\/\/lacotepetrie.com\/index.php\/loic-burzotta\/","title":{"rendered":"Lo\u00efc Burzotta"},"content":{"rendered":"\t\t<div data-elementor-type=\"wp-page\" data-elementor-id=\"4022\" class=\"elementor elementor-4022\" data-elementor-settings=\"[]\">\n\t\t\t\t\t\t<div class=\"elementor-inner\">\n\t\t\t\t\t\t\t<div class=\"elementor-section-wrap\">\n\t\t\t\t\t\t\t<section class=\"elementor-section elementor-top-section elementor-element elementor-element-7819359 elementor-section-boxed elementor-section-height-default elementor-section-height-default\" data-id=\"7819359\" data-element_type=\"section\">\n\t\t\t\t\t\t<div class=\"elementor-container elementor-column-gap-default\">\n\t\t\t\t\t\t\t<div class=\"elementor-row\">\n\t\t\t\t\t<div class=\"elementor-column elementor-col-100 elementor-top-column elementor-element elementor-element-a5e26b5\" data-id=\"a5e26b5\" data-element_type=\"column\">\n\t\t\t<div class=\"elementor-column-wrap elementor-element-populated\">\n\t\t\t\t\t\t\t<div class=\"elementor-widget-wrap\">\n\t\t\t\t\t\t<div class=\"elementor-element elementor-element-639c2fe elementor-widget elementor-widget-image\" data-id=\"639c2fe\" data-element_type=\"widget\" data-widget_type=\"image.default\">\n\t\t\t\t<div class=\"elementor-widget-container\">\n\t\t\t\t\t<div class=\"elementor-image\">\n\t\t\t\t\t\t\t\t\t\t<img width=\"1024\" height=\"198\" src=\"https:\/\/lacotepetrie.com\/wp-content\/uploads\/2021\/01\/LOIC-TITRE-1024x198.png\" class=\"attachment-large size-large\" alt=\"\" loading=\"lazy\" srcset=\"https:\/\/lacotepetrie.com\/wp-content\/uploads\/2021\/01\/LOIC-TITRE-1024x198.png 1024w, https:\/\/lacotepetrie.com\/wp-content\/uploads\/2021\/01\/LOIC-TITRE-300x58.png 300w, https:\/\/lacotepetrie.com\/wp-content\/uploads\/2021\/01\/LOIC-TITRE-768x149.png 768w, https:\/\/lacotepetrie.com\/wp-content\/uploads\/2021\/01\/LOIC-TITRE-1536x297.png 1536w, https:\/\/lacotepetrie.com\/wp-content\/uploads\/2021\/01\/LOIC-TITRE-2048x397.png 2048w, https:\/\/lacotepetrie.com\/wp-content\/uploads\/2021\/01\/LOIC-TITRE-600x116.png 600w\" sizes=\"(max-width: 1024px) 100vw, 1024px\" \/>\t\t\t\t\t\t\t\t\t\t\t<\/div>\n\t\t\t\t<\/div>\n\t\t\t\t<\/div>\n\t\t\t\t\t\t<\/div>\n\t\t\t\t\t<\/div>\n\t\t<\/div>\n\t\t\t\t\t\t\t\t<\/div>\n\t\t\t\t\t<\/div>\n\t\t<\/section>\n\t\t\t\t<section class=\"elementor-section elementor-top-section elementor-element elementor-element-65a8b16 elementor-section-boxed elementor-section-height-default elementor-section-height-default\" data-id=\"65a8b16\" data-element_type=\"section\">\n\t\t\t\t\t\t<div class=\"elementor-container elementor-column-gap-default\">\n\t\t\t\t\t\t\t<div class=\"elementor-row\">\n\t\t\t\t\t<div class=\"elementor-column elementor-col-50 elementor-top-column elementor-element elementor-element-6f43f74\" data-id=\"6f43f74\" data-element_type=\"column\">\n\t\t\t<div class=\"elementor-column-wrap elementor-element-populated\">\n\t\t\t\t\t\t\t<div class=\"elementor-widget-wrap\">\n\t\t\t\t\t\t<div class=\"elementor-element elementor-element-8f2546e elementor-widget elementor-widget-text-editor\" data-id=\"8f2546e\" data-element_type=\"widget\" data-widget_type=\"text-editor.default\">\n\t\t\t\t<div class=\"elementor-widget-container\">\n\t\t\t\t\t<div class=\"elementor-text-editor elementor-clearfix\"><p><span style=\"font-size: 16px;\"><br><\/span><\/p>\n<p><span style=\"font-size: 16px;\">Jeune prodige au coup de crayon avis\u00e9, cet artiste multitechniques form\u00e9 en joaillerie d\u00e9peint l&rsquo;humain \u00e0 travers des ambiances sensuelles, o\u00f9 les genres semblent perdre leurs fronti\u00e8res&#8230; Des caract\u00e8res dessin\u00e9s, des bijoux incarn\u00e9s, des aquarelles habit\u00e9es&#8230;<\/span><br><\/p><p><span style=\"font-size: 16px;\"><br><\/span><\/p><\/div>\n\t\t\t\t<\/div>\n\t\t\t\t<\/div>\n\t\t\t\t\t\t<\/div>\n\t\t\t\t\t<\/div>\n\t\t<\/div>\n\t\t\t\t<div class=\"elementor-column elementor-col-50 elementor-top-column elementor-element elementor-element-aca1851\" data-id=\"aca1851\" data-element_type=\"column\">\n\t\t\t<div class=\"elementor-column-wrap elementor-element-populated\">\n\t\t\t\t\t\t\t<div class=\"elementor-widget-wrap\">\n\t\t\t\t\t\t<div class=\"elementor-element elementor-element-a09206c elementor-widget elementor-widget-image\" data-id=\"a09206c\" data-element_type=\"widget\" data-widget_type=\"image.default\">\n\t\t\t\t<div class=\"elementor-widget-container\">\n\t\t\t\t\t<div class=\"elementor-image\">\n\t\t\t\t\t\t\t\t\t\t<img width=\"535\" height=\"280\" src=\"https:\/\/lacotepetrie.com\/wp-content\/uploads\/2021\/01\/GLOIRE2.png\" class=\"attachment-large size-large\" alt=\"\" loading=\"lazy\" srcset=\"https:\/\/lacotepetrie.com\/wp-content\/uploads\/2021\/01\/GLOIRE2.png 535w, https:\/\/lacotepetrie.com\/wp-content\/uploads\/2021\/01\/GLOIRE2-300x157.png 300w\" sizes=\"(max-width: 535px) 100vw, 535px\" \/>\t\t\t\t\t\t\t\t\t\t\t<\/div>\n\t\t\t\t<\/div>\n\t\t\t\t<\/div>\n\t\t\t\t\t\t<\/div>\n\t\t\t\t\t<\/div>\n\t\t<\/div>\n\t\t\t\t\t\t\t\t<\/div>\n\t\t\t\t\t<\/div>\n\t\t<\/section>\n\t\t\t\t<section class=\"elementor-section elementor-top-section elementor-element elementor-element-c881db8 elementor-section-boxed elementor-section-height-default elementor-section-height-default\" data-id=\"c881db8\" data-element_type=\"section\">\n\t\t\t\t\t\t<div class=\"elementor-container elementor-column-gap-default\">\n\t\t\t\t\t\t\t<div class=\"elementor-row\">\n\t\t\t\t\t<div class=\"elementor-column elementor-col-50 elementor-top-column elementor-element elementor-element-263f3b2\" data-id=\"263f3b2\" data-element_type=\"column\">\n\t\t\t<div class=\"elementor-column-wrap elementor-element-populated\">\n\t\t\t\t\t\t\t<div class=\"elementor-widget-wrap\">\n\t\t\t\t\t\t<div class=\"elementor-element elementor-element-2e5ba63 elementor-widget elementor-widget-image\" data-id=\"2e5ba63\" data-element_type=\"widget\" data-widget_type=\"image.default\">\n\t\t\t\t<div class=\"elementor-widget-container\">\n\t\t\t\t\t<div class=\"elementor-image\">\n\t\t\t\t\t\t\t\t\t\t<img width=\"1024\" height=\"990\" src=\"https:\/\/lacotepetrie.com\/wp-content\/uploads\/2021\/01\/PHOTO5-1024x990.jpg\" class=\"attachment-large size-large\" alt=\"\" loading=\"lazy\" srcset=\"https:\/\/lacotepetrie.com\/wp-content\/uploads\/2021\/01\/PHOTO5-1024x990.jpg 1024w, https:\/\/lacotepetrie.com\/wp-content\/uploads\/2021\/01\/PHOTO5-300x290.jpg 300w, https:\/\/lacotepetrie.com\/wp-content\/uploads\/2021\/01\/PHOTO5-768x742.jpg 768w, https:\/\/lacotepetrie.com\/wp-content\/uploads\/2021\/01\/PHOTO5-600x580.jpg 600w, https:\/\/lacotepetrie.com\/wp-content\/uploads\/2021\/01\/PHOTO5.jpg 1080w\" sizes=\"(max-width: 1024px) 100vw, 1024px\" \/>\t\t\t\t\t\t\t\t\t\t\t<\/div>\n\t\t\t\t<\/div>\n\t\t\t\t<\/div>\n\t\t\t\t\t\t<\/div>\n\t\t\t\t\t<\/div>\n\t\t<\/div>\n\t\t\t\t<div class=\"elementor-column elementor-col-50 elementor-top-column elementor-element elementor-element-155eee0\" data-id=\"155eee0\" data-element_type=\"column\">\n\t\t\t<div class=\"elementor-column-wrap elementor-element-populated\">\n\t\t\t\t\t\t\t<div class=\"elementor-widget-wrap\">\n\t\t\t\t\t\t<div class=\"elementor-element elementor-element-1ebb341 elementor-widget elementor-widget-text-editor\" data-id=\"1ebb341\" data-element_type=\"widget\" data-widget_type=\"text-editor.default\">\n\t\t\t\t<div class=\"elementor-widget-container\">\n\t\t\t\t\t<div class=\"elementor-text-editor elementor-clearfix\"><p>Lo\u00efc vient donner vie \u00e0 toutes ces queer c\u00e9l\u00e9brit\u00e9s, au pr\u00e9sent comme au pass\u00e9, au pluriel comme au singulier, beaut\u00e9S prendra un S d\u00e9sormais.<\/p>\n<p>Pluralit\u00e9, subjectivit\u00e9, th\u00e9\u00e2tralit\u00e9, \u00e0 vous de vous identifier. Toutes ces stars d\u2019un soir viennent alors s\u2019animer, lors du grand bal des oubli\u00e9\u00b7e\u00b7s.<\/p><\/div>\n\t\t\t\t<\/div>\n\t\t\t\t<\/div>\n\t\t\t\t<div class=\"elementor-element elementor-element-4bd22bc elementor-widget elementor-widget-image\" data-id=\"4bd22bc\" data-element_type=\"widget\" data-widget_type=\"image.default\">\n\t\t\t\t<div class=\"elementor-widget-container\">\n\t\t\t\t\t<div class=\"elementor-image\">\n\t\t\t\t\t\t\t\t\t\t<img width=\"1024\" height=\"1024\" src=\"https:\/\/lacotepetrie.com\/wp-content\/uploads\/2020\/12\/QUISUISJE035-1024x1024.jpg\" class=\"attachment-large size-large\" alt=\"\" loading=\"lazy\" srcset=\"https:\/\/lacotepetrie.com\/wp-content\/uploads\/2020\/12\/QUISUISJE035-1024x1024.jpg 1024w, https:\/\/lacotepetrie.com\/wp-content\/uploads\/2020\/12\/QUISUISJE035-300x300.jpg 300w, https:\/\/lacotepetrie.com\/wp-content\/uploads\/2020\/12\/QUISUISJE035-150x150.jpg 150w, https:\/\/lacotepetrie.com\/wp-content\/uploads\/2020\/12\/QUISUISJE035-768x768.jpg 768w, https:\/\/lacotepetrie.com\/wp-content\/uploads\/2020\/12\/QUISUISJE035-600x600.jpg 600w, https:\/\/lacotepetrie.com\/wp-content\/uploads\/2020\/12\/QUISUISJE035-100x100.jpg 100w, https:\/\/lacotepetrie.com\/wp-content\/uploads\/2020\/12\/QUISUISJE035.jpg 1418w\" sizes=\"(max-width: 1024px) 100vw, 1024px\" \/>\t\t\t\t\t\t\t\t\t\t\t<\/div>\n\t\t\t\t<\/div>\n\t\t\t\t<\/div>\n\t\t\t\t<div class=\"elementor-element elementor-element-4bde592 elementor-view-default elementor-widget elementor-widget-icon\" data-id=\"4bde592\" data-element_type=\"widget\" data-widget_type=\"icon.default\">\n\t\t\t\t<div class=\"elementor-widget-container\">\n\t\t\t\t\t<div class=\"elementor-icon-wrapper\">\n\t\t\t<a class=\"elementor-icon\" href=\"https:\/\/www.instagram.com\/loicburzotta\/\">\n\t\t\t<i aria-hidden=\"true\" class=\"fab fa-instagram\"><\/i>\t\t\t<\/a>\n\t\t<\/div>\n\t\t\t\t<\/div>\n\t\t\t\t<\/div>\n\t\t\t\t\t\t<\/div>\n\t\t\t\t\t<\/div>\n\t\t<\/div>\n\t\t\t\t\t\t\t\t<\/div>\n\t\t\t\t\t<\/div>\n\t\t<\/section>\n\t\t\t\t\t\t<\/div>\n\t\t\t\t\t\t<\/div>\n\t\t\t\t\t<\/div>\n\t\t","protected":false},"excerpt":{"rendered":"<p>Jeune prodige au coup de crayon avis\u00e9, cet artiste multitechniques form\u00e9 en joaillerie d\u00e9peint l&rsquo;humain \u00e0 travers des ambiances sensuelles, o\u00f9 les genres semblent perdre leurs fronti\u00e8res&#8230; Des caract\u00e8res dessin\u00e9s, des bijoux incarn\u00e9s, des aquarelles habit\u00e9es&#8230; Lo\u00efc vient donner vie \u00e0 toutes ces queer c\u00e9l\u00e9brit\u00e9s, au pr\u00e9sent comme au pass\u00e9, au pluriel comme au singulier, &hellip;<\/p>\n<p class=\"read-more\"> <a class=\"\" href=\"https:\/\/lacotepetrie.com\/index.php\/loic-burzotta\/\"> <span class=\"screen-reader-text\">Lo\u00efc Burzotta<\/span> Lire la suite\u00a0\u00bb<\/a><\/p>\n","protected":false},"author":1,"featured_media":0,"parent":0,"menu_order":0,"comment_status":"closed","ping_status":"closed","template":"","meta":[],"_links":{"self":[{"href":"https:\/\/lacotepetrie.com\/index.php\/wp-json\/wp\/v2\/pages\/4022"}],"collection":[{"href":"https:\/\/lacotepetrie.com\/index.php\/wp-json\/wp\/v2\/pages"}],"about":[{"href":"https:\/\/lacotepetrie.com\/index.php\/wp-json\/wp\/v2\/types\/page"}],"author":[{"embeddable":true,"href":"https:\/\/lacotepetrie.com\/index.php\/wp-json\/wp\/v2\/users\/1"}],"replies":[{"embeddable":true,"href":"https:\/\/lacotepetrie.com\/index.php\/wp-json\/wp\/v2\/comments?post=4022"}],"version-history":[{"count":19,"href":"https:\/\/lacotepetrie.com\/index.php\/wp-json\/wp\/v2\/pages\/4022\/revisions"}],"predecessor-version":[{"id":4057,"href":"https:\/\/lacotepetrie.com\/index.php\/wp-json\/wp\/v2\/pages\/4022\/revisions\/4057"}],"wp:attachment":[{"href":"https:\/\/lacotepetrie.com\/index.php\/wp-json\/wp\/v2\/media?parent=4022"}],"curies":[{"name":"wp","href":"https:\/\/api.w.org\/{rel}","templated":true}]}}