{"id":4286,"date":"2023-12-05T22:56:45","date_gmt":"2023-12-05T21:56:45","guid":{"rendered":"https:\/\/lacotepetrie.com\/?page_id=4286"},"modified":"2023-12-05T23:40:03","modified_gmt":"2023-12-05T22:40:03","slug":"telechargez-la-grille-denqueteur-ice-a-imprimer-chez-vous","status":"publish","type":"page","link":"https:\/\/lacotepetrie.com\/index.php\/telechargez-la-grille-denqueteur-ice-a-imprimer-chez-vous\/","title":{"rendered":"Annexes r\u00e8gles du jeu"},"content":{"rendered":"\t\t<div data-elementor-type=\"wp-page\" data-elementor-id=\"4286\" class=\"elementor elementor-4286\" data-elementor-settings=\"[]\">\n\t\t\t\t\t\t<div class=\"elementor-inner\">\n\t\t\t\t\t\t\t<div class=\"elementor-section-wrap\">\n\t\t\t\t\t\t\t<section class=\"elementor-section elementor-top-section elementor-element elementor-element-30ff367b elementor-section-boxed elementor-section-height-default elementor-section-height-default\" data-id=\"30ff367b\" data-element_type=\"section\">\n\t\t\t\t\t\t<div class=\"elementor-container elementor-column-gap-default\">\n\t\t\t\t\t\t\t<div class=\"elementor-row\">\n\t\t\t\t\t<div class=\"elementor-column elementor-col-100 elementor-top-column elementor-element elementor-element-2a7ae8ad\" data-id=\"2a7ae8ad\" data-element_type=\"column\">\n\t\t\t<div class=\"elementor-column-wrap elementor-element-populated\">\n\t\t\t\t\t\t\t<div class=\"elementor-widget-wrap\">\n\t\t\t\t\t\t<div class=\"elementor-element elementor-element-88eec5f elementor-widget elementor-widget-heading\" data-id=\"88eec5f\" data-element_type=\"widget\" data-widget_type=\"heading.default\">\n\t\t\t\t<div class=\"elementor-widget-container\">\n\t\t\t<h2 class=\"elementor-heading-title elementor-size-default\">T\u00c9L\u00c9CHARGEZ LA GRILLE ENQU\u00caTEUR.ICE  \u00c0 IMPRIMER CHEZ VOUS !<\/h2>\t\t<\/div>\n\t\t\t\t<\/div>\n\t\t\t\t<div class=\"elementor-element elementor-element-76b3bd78 elementor-widget elementor-widget-text-editor\" data-id=\"76b3bd78\" data-element_type=\"widget\" data-widget_type=\"text-editor.default\">\n\t\t\t\t<div class=\"elementor-widget-container\">\n\t\t\t\t\t<div class=\"elementor-text-editor elementor-clearfix\"><p><!-- wp:file {\"id\":4287,\"href\":\"https:\/\/lacotepetrie.com\/wp-content\/uploads\/2023\/12\/GRILLE-FINALE-CULEDO2-DEC2023-1.jpg\"} --><\/p>\n<div class=\"wp-block-file\"><strong><a href=\"https:\/\/lacotepetrie.com\/wp-content\/uploads\/2023\/12\/GRILLE-FINALE-CULEDO2-DEC2023-1.jpg\">GRILLE-ENQUETEURICE-CULEDO <\/a><a class=\"wp-block-file__button\" href=\"https:\/\/lacotepetrie.com\/wp-content\/uploads\/2023\/12\/GRILLE-FINALE-CULEDO2-DEC2023-1.jpg\" download=\"\">T\u00e9l\u00e9charger<\/a><\/strong><\/div>\n<p><!-- \/wp:file --><\/p>\n<p><!-- wp:image {\"id\":4289,\"sizeSlug\":\"large\",\"linkDestination\":\"none\"} --><\/p>\n<figure class=\"wp-block-image size-large\"><img loading=\"lazy\" width=\"722\" height=\"1024\" class=\"wp-image-4289\" src=\"https:\/\/lacotepetrie.com\/wp-content\/uploads\/2023\/12\/GRILLE-FINALE-CULEDO2-DEC2023-2-722x1024.jpg\" alt=\"\" srcset=\"https:\/\/lacotepetrie.com\/wp-content\/uploads\/2023\/12\/GRILLE-FINALE-CULEDO2-DEC2023-2-722x1024.jpg 722w, https:\/\/lacotepetrie.com\/wp-content\/uploads\/2023\/12\/GRILLE-FINALE-CULEDO2-DEC2023-2-211x300.jpg 211w, https:\/\/lacotepetrie.com\/wp-content\/uploads\/2023\/12\/GRILLE-FINALE-CULEDO2-DEC2023-2-768x1089.jpg 768w, https:\/\/lacotepetrie.com\/wp-content\/uploads\/2023\/12\/GRILLE-FINALE-CULEDO2-DEC2023-2-1083x1536.jpg 1083w, https:\/\/lacotepetrie.com\/wp-content\/uploads\/2023\/12\/GRILLE-FINALE-CULEDO2-DEC2023-2-1444x2048.jpg 1444w, https:\/\/lacotepetrie.com\/wp-content\/uploads\/2023\/12\/GRILLE-FINALE-CULEDO2-DEC2023-2-600x851.jpg 600w, https:\/\/lacotepetrie.com\/wp-content\/uploads\/2023\/12\/GRILLE-FINALE-CULEDO2-DEC2023-2.jpg 1749w\" sizes=\"(max-width: 722px) 100vw, 722px\" \/><\/figure>\n<p><!-- \/wp:image --><\/p><\/div>\n\t\t\t\t<\/div>\n\t\t\t\t<\/div>\n\t\t\t\t\t\t<\/div>\n\t\t\t\t\t<\/div>\n\t\t<\/div>\n\t\t\t\t\t\t\t\t<\/div>\n\t\t\t\t\t<\/div>\n\t\t<\/section>\n\t\t\t\t<section class=\"elementor-section elementor-top-section elementor-element elementor-element-d28934d elementor-section-boxed elementor-section-height-default elementor-section-height-default\" data-id=\"d28934d\" data-element_type=\"section\">\n\t\t\t\t\t\t<div class=\"elementor-container elementor-column-gap-default\">\n\t\t\t\t\t\t\t<div class=\"elementor-row\">\n\t\t\t\t\t<div class=\"elementor-column elementor-col-100 elementor-top-column elementor-element elementor-element-2611af0\" data-id=\"2611af0\" data-element_type=\"column\">\n\t\t\t<div class=\"elementor-column-wrap elementor-element-populated\">\n\t\t\t\t\t\t\t<div class=\"elementor-widget-wrap\">\n\t\t\t\t\t\t<div class=\"elementor-element elementor-element-a08fd0a elementor-widget elementor-widget-heading\" data-id=\"a08fd0a\" data-element_type=\"widget\" data-widget_type=\"heading.default\">\n\t\t\t\t<div class=\"elementor-widget-container\">\n\t\t\t<h2 class=\"elementor-heading-title elementor-size-default\">Variante 15 min pour les stands \/ plannings familiaux \/ associations de pr\u00e9vention sant\u00e9 sexuelle <\/h2>\t\t<\/div>\n\t\t\t\t<\/div>\n\t\t\t\t\t\t<\/div>\n\t\t\t\t\t<\/div>\n\t\t<\/div>\n\t\t\t\t\t\t\t\t<\/div>\n\t\t\t\t\t<\/div>\n\t\t<\/section>\n\t\t\t\t<section class=\"elementor-section elementor-top-section elementor-element elementor-element-907a7b1 elementor-section-boxed elementor-section-height-default elementor-section-height-default\" data-id=\"907a7b1\" data-element_type=\"section\">\n\t\t\t\t\t\t<div class=\"elementor-container elementor-column-gap-default\">\n\t\t\t\t\t\t\t<div class=\"elementor-row\">\n\t\t\t\t\t<div class=\"elementor-column elementor-col-100 elementor-top-column elementor-element elementor-element-22119c0\" data-id=\"22119c0\" data-element_type=\"column\">\n\t\t\t<div class=\"elementor-column-wrap elementor-element-populated\">\n\t\t\t\t\t\t\t<div class=\"elementor-widget-wrap\">\n\t\t\t\t\t\t<div class=\"elementor-element elementor-element-1397494 elementor-widget elementor-widget-text-editor\" data-id=\"1397494\" data-element_type=\"widget\" data-widget_type=\"text-editor.default\">\n\t\t\t\t<div class=\"elementor-widget-container\">\n\t\t\t\t\t<div class=\"elementor-text-editor elementor-clearfix\"><p>Lors d&rsquo;une partie express en 15min, seule la partie pr\u00e9vention est importante. Les joueureuses sont invit\u00e9.es \u00e0 choisir deux cartes lieux, leur but est de se rendre au sein de ces deux salles pour remporter la partie. Mais leur chemin va \u00eatre sem\u00e9 d&#8217;embuches puisque iels vont devoir franchir des cases protections mais surtout des cases rapport. Vous devez vous munir du livret de r\u00e8gles pour pouvoir vous r\u00e9f\u00e9rer aux diff\u00e9rents \u00e9v\u00e8nements relatifs aux rapports. N&rsquo;h\u00e9sitez pas \u00e0 bien lire les descriptifs de chaque protection et de chaque IST. La premi\u00e8re personne qui arrive \u00e0 atteindre les deux salles qui lui ont \u00e9t\u00e9 attribu\u00e9.e remporte la partie !<\/p><\/div>\n\t\t\t\t<\/div>\n\t\t\t\t<\/div>\n\t\t\t\t\t\t<\/div>\n\t\t\t\t\t<\/div>\n\t\t<\/div>\n\t\t\t\t\t\t\t\t<\/div>\n\t\t\t\t\t<\/div>\n\t\t<\/section>\n\t\t\t\t\t\t<\/div>\n\t\t\t\t\t\t<\/div>\n\t\t\t\t\t<\/div>\n\t\t","protected":false},"excerpt":{"rendered":"<p>T\u00c9L\u00c9CHARGEZ LA GRILLE ENQU\u00caTEUR.ICE \u00c0 IMPRIMER CHEZ VOUS ! Variante 15 min pour les stands \/ plannings familiaux \/ associations de pr\u00e9vention sant\u00e9 sexuelle Lors d&rsquo;une partie express en 15min, seule la partie pr\u00e9vention est importante. Les joueureuses sont invit\u00e9.es \u00e0 choisir deux cartes lieux, leur but est de se rendre au sein de ces &hellip;<\/p>\n<p class=\"read-more\"> <a class=\"\" href=\"https:\/\/lacotepetrie.com\/index.php\/telechargez-la-grille-denqueteur-ice-a-imprimer-chez-vous\/\"> <span class=\"screen-reader-text\">Annexes r\u00e8gles du jeu<\/span> Lire la suite\u00a0\u00bb<\/a><\/p>\n","protected":false},"author":1,"featured_media":0,"parent":0,"menu_order":0,"comment_status":"closed","ping_status":"closed","template":"","meta":[],"_links":{"self":[{"href":"https:\/\/lacotepetrie.com\/index.php\/wp-json\/wp\/v2\/pages\/4286"}],"collection":[{"href":"https:\/\/lacotepetrie.com\/index.php\/wp-json\/wp\/v2\/pages"}],"about":[{"href":"https:\/\/lacotepetrie.com\/index.php\/wp-json\/wp\/v2\/types\/page"}],"author":[{"embeddable":true,"href":"https:\/\/lacotepetrie.com\/index.php\/wp-json\/wp\/v2\/users\/1"}],"replies":[{"embeddable":true,"href":"https:\/\/lacotepetrie.com\/index.php\/wp-json\/wp\/v2\/comments?post=4286"}],"version-history":[{"count":26,"href":"https:\/\/lacotepetrie.com\/index.php\/wp-json\/wp\/v2\/pages\/4286\/revisions"}],"predecessor-version":[{"id":4316,"href":"https:\/\/lacotepetrie.com\/index.php\/wp-json\/wp\/v2\/pages\/4286\/revisions\/4316"}],"wp:attachment":[{"href":"https:\/\/lacotepetrie.com\/index.php\/wp-json\/wp\/v2\/media?parent=4286"}],"curies":[{"name":"wp","href":"https:\/\/api.w.org\/{rel}","templated":true}]}}