{"id":245,"date":"2018-06-20T07:25:44","date_gmt":"2018-06-20T05:25:44","guid":{"rendered":"http:\/\/lacotepetrie.com\/index.php\/produit\/organic-handpicked-coffee\/"},"modified":"2026-04-13T10:40:07","modified_gmt":"2026-04-13T08:40:07","slug":"jeudescisfamilles","status":"publish","type":"product","link":"https:\/\/lacotepetrie.com\/index.php\/produit\/jeudescisfamilles\/","title":{"rendered":"Le jeu des (cis) familles (r\u00e9\u00e9dition m\u00e9tal 2024)"},"content":{"rendered":"<p>Aujourd\u2019hui, Lac\u00f4tep\u00e9trie lance\u00a0 un jeu des 7 familles queer contemporain intitul\u00e9 \u00abLe jeu des (cis) familles\u00bb! Au programme:<br \/>\ndes queers, des gender fuckers, des non binaires, des m.p.\u00e8res, des fil.le.s\u2026 Chamboulons les sch\u00e9mas familiaux pr\u00e9\u00e9tablis pour que les plus jeunes puissent davantage s\u2019identifier \u00e0 de nouvelles compositions \u00e9mergentes: monoparentale, avec deux p\u00e8res, deux m\u00e8res, sans enfants ou encore sans humains. Alors, quelle identit\u00e9 prendra ta famille?<\/p>\n<p><strong>R\u00e9\u00e9dition 2024 avec bo\u00eete en m\u00e9tal pour emmener le jeu partout !<\/strong><\/p>\n<p><strong>43\u20ac + 5\u20ac de frais de livraison<\/strong><\/p>\n","protected":false},"excerpt":{"rendered":"<p>Aujourd\u2019hui, Lac\u00f4tep\u00e9trie lance\u00a0 un jeu des 7 familles queer contemporain intitul\u00e9 \u00abLe jeu des (cis) familles\u00bb! Au programme: des queers, des gender fuckers, des non binaires, des m.p.\u00e8res, des fil.le.s\u2026 Chamboulons les sch\u00e9mas familiaux pr\u00e9\u00e9tablis pour que les plus jeunes puissent davantage s\u2019identifier \u00e0 de nouvelles compositions \u00e9mergentes: monoparentale, avec deux p\u00e8res, deux m\u00e8res, sans &hellip;<\/p>\n<p class=\"read-more\"> <a class=\"\" href=\"https:\/\/lacotepetrie.com\/index.php\/produit\/jeudescisfamilles\/\"> <span class=\"screen-reader-text\">Le jeu des (cis) familles (r\u00e9\u00e9dition m\u00e9tal 2024)<\/span> Lire la suite\u00a0\u00bb<\/a><\/p>\n","protected":false},"featured_media":3710,"comment_status":"open","ping_status":"closed","template":"","meta":[],"product_cat":[15],"product_tag":[],"_links":{"self":[{"href":"https:\/\/lacotepetrie.com\/index.php\/wp-json\/wp\/v2\/product\/245"}],"collection":[{"href":"https:\/\/lacotepetrie.com\/index.php\/wp-json\/wp\/v2\/product"}],"about":[{"href":"https:\/\/lacotepetrie.com\/index.php\/wp-json\/wp\/v2\/types\/product"}],"replies":[{"embeddable":true,"href":"https:\/\/lacotepetrie.com\/index.php\/wp-json\/wp\/v2\/comments?post=245"}],"wp:featuredmedia":[{"embeddable":true,"href":"https:\/\/lacotepetrie.com\/index.php\/wp-json\/wp\/v2\/media\/3710"}],"wp:attachment":[{"href":"https:\/\/lacotepetrie.com\/index.php\/wp-json\/wp\/v2\/media?parent=245"}],"wp:term":[{"taxonomy":"product_cat","embeddable":true,"href":"https:\/\/lacotepetrie.com\/index.php\/wp-json\/wp\/v2\/product_cat?post=245"},{"taxonomy":"product_tag","embeddable":true,"href":"https:\/\/lacotepetrie.com\/index.php\/wp-json\/wp\/v2\/product_tag?post=245"}],"curies":[{"name":"wp","href":"https:\/\/api.w.org\/{rel}","templated":true}]}}