{"id":4182,"date":"2023-10-22T18:07:52","date_gmt":"2023-10-22T16:07:52","guid":{"rendered":"https:\/\/lacotepetrie.com\/?post_type=product&#038;p=4182"},"modified":"2026-04-12T23:31:50","modified_gmt":"2026-04-12T21:31:50","slug":"culedo-le-jeu-de-tous-vos-fantasmes","status":"publish","type":"product","link":"https:\/\/lacotepetrie.com\/index.php\/produit\/culedo-le-jeu-de-tous-vos-fantasmes\/","title":{"rendered":"Culedo &#8211; le jeu de tous vos fantasmes !"},"content":{"rendered":"<p>CULEDO, c\u2019est le jeu de tous vos fantasmes ! Qui a fait l\u2019amour avec qui ? Dans quelle salle ? Avec quel objet ? Quelles identit\u00e9s prendra ce myst\u00e9rieux th\u00e9\u00e2tre orgiaque ? Qui sera sucepect\u00e9\u00b7e ? Qui sera a-cul-s\u00e9\u00b7e? Ce sera \u00e0 toi de tout \u00e9lucider\u2026<\/p>\n<p>CULEDO est un outil pr\u00e9ventif destin\u00e9 \u00e0 un public majeur, qui sensibilisera tout\u00b7e un\u00b7e chacun\u00b7e \u00e0 la sant\u00e9 sexuelle !<\/p>\n<p><strong>Prix : 70\u20ac + 5\u20ac de frais de livraison<\/strong><\/p>\n","protected":false},"excerpt":{"rendered":"<p>CULEDO, c\u2019est le jeu de tous vos fantasmes ! Qui a fait l\u2019amour avec qui ? Dans quelle salle ? Avec quel objet ? Quelles identit\u00e9s prendra ce myst\u00e9rieux th\u00e9\u00e2tre orgiaque ? Qui sera sucepect\u00e9\u00b7e ? Qui sera a-cul-s\u00e9\u00b7e? Ce sera \u00e0 toi de tout \u00e9lucider\u2026 CULEDO est un outil pr\u00e9ventif destin\u00e9 \u00e0 un public &hellip;<\/p>\n<p class=\"read-more\"> <a class=\"\" href=\"https:\/\/lacotepetrie.com\/index.php\/produit\/culedo-le-jeu-de-tous-vos-fantasmes\/\"> <span class=\"screen-reader-text\">Culedo &#8211; le jeu de tous vos fantasmes !<\/span> Lire la suite\u00a0\u00bb<\/a><\/p>\n","protected":false},"featured_media":4136,"comment_status":"open","ping_status":"closed","template":"","meta":[],"product_cat":[15],"product_tag":[],"_links":{"self":[{"href":"https:\/\/lacotepetrie.com\/index.php\/wp-json\/wp\/v2\/product\/4182"}],"collection":[{"href":"https:\/\/lacotepetrie.com\/index.php\/wp-json\/wp\/v2\/product"}],"about":[{"href":"https:\/\/lacotepetrie.com\/index.php\/wp-json\/wp\/v2\/types\/product"}],"replies":[{"embeddable":true,"href":"https:\/\/lacotepetrie.com\/index.php\/wp-json\/wp\/v2\/comments?post=4182"}],"wp:featuredmedia":[{"embeddable":true,"href":"https:\/\/lacotepetrie.com\/index.php\/wp-json\/wp\/v2\/media\/4136"}],"wp:attachment":[{"href":"https:\/\/lacotepetrie.com\/index.php\/wp-json\/wp\/v2\/media?parent=4182"}],"wp:term":[{"taxonomy":"product_cat","embeddable":true,"href":"https:\/\/lacotepetrie.com\/index.php\/wp-json\/wp\/v2\/product_cat?post=4182"},{"taxonomy":"product_tag","embeddable":true,"href":"https:\/\/lacotepetrie.com\/index.php\/wp-json\/wp\/v2\/product_tag?post=4182"}],"curies":[{"name":"wp","href":"https:\/\/api.w.org\/{rel}","templated":true}]}}